{"id":1856,"date":"2026-01-20T14:28:00","date_gmt":"2026-01-20T14:28:00","guid":{"rendered":"https:\/\/www.villaggioinnamorata.it\/la-plage\/"},"modified":"2026-02-09T10:58:51","modified_gmt":"2026-02-09T10:58:51","slug":"la-plage","status":"publish","type":"page","link":"https:\/\/www.villaggioinnamorata.it\/fr\/la-plage\/","title":{"rendered":"La plage"},"content":{"rendered":"\t\t<div data-elementor-type=\"wp-page\" data-elementor-id=\"1856\" class=\"elementor elementor-1856 elementor-502\" data-elementor-post-type=\"page\">\n\t\t\t\t<div class=\"elementor-element elementor-element-2ca6491 e-flex e-con-boxed e-con e-parent\" data-id=\"2ca6491\" data-element_type=\"container\" data-e-type=\"container\" data-settings=\"{&quot;background_background&quot;:&quot;classic&quot;}\">\n\t\t\t\t\t<div class=\"e-con-inner\">\n\t\t\t\t<div class=\"elementor-element elementor-element-28ed7bc elementor-invisible elementor-widget elementor-widget-heading\" data-id=\"28ed7bc\" data-element_type=\"widget\" data-e-type=\"widget\" data-settings=\"{&quot;_animation&quot;:&quot;slideInUp&quot;}\" data-widget_type=\"heading.default\">\n\t\t\t\t\t<h1 class=\"elementor-heading-title elementor-size-default\">Plage d'Innamorata<\/h1>\t\t\t\t<\/div>\n\t\t\t\t\t<\/div>\n\t\t\t\t<\/div>\n\t\t<div class=\"elementor-element elementor-element-4d55ec30 e-flex e-con-boxed e-con e-parent\" data-id=\"4d55ec30\" data-element_type=\"container\" data-e-type=\"container\">\n\t\t\t\t\t<div class=\"e-con-inner\">\n\t\t\t\t<div class=\"elementor-element elementor-element-4d6169ab elementor-widget elementor-widget-heading\" data-id=\"4d6169ab\" data-element_type=\"widget\" data-e-type=\"widget\" data-widget_type=\"heading.default\">\n\t\t\t\t\t<h2 class=\"elementor-heading-title elementor-size-default\">Une plage \u00e0 aimer sur l'\u00eele d'Elbe<\/h2>\t\t\t\t<\/div>\n\t\t\t\t<div class=\"elementor-element elementor-element-8beda8c elementor-widget elementor-widget-text-editor\" data-id=\"8beda8c\" data-element_type=\"widget\" data-e-type=\"widget\" data-widget_type=\"text-editor.default\">\n\t\t\t\t\t\t\t\t\t<p>La plage d&rsquo;Innamorata est une rencontre magique entre la mer et la nature, le bleu et le vert, l&rsquo;eau et la terre. Autrefois appel\u00e9e \u00ab\u00a0Cala de lo ferro\u00a0\u00bb (crique du fer) en raison de son origine min\u00e9rale, Innamorata est une plage de sable. Sur ses c\u00f4t\u00e9s se dresse un magnifique r\u00e9cif, excellent pour ceux qui aiment p\u00eacher depuis la terre.  <\/p>\t\t\t\t\t\t\t\t<\/div>\n\t\t<div class=\"elementor-element elementor-element-5167032e e-con-full e-flex e-con e-child\" data-id=\"5167032e\" data-element_type=\"container\" data-e-type=\"container\">\n\t\t<div class=\"elementor-element elementor-element-798db65e e-con-full e-flex e-con e-child\" data-id=\"798db65e\" data-element_type=\"container\" data-e-type=\"container\">\n\t\t\t\t<div class=\"elementor-element elementor-element-05986fa elementor-widget elementor-widget-text-editor\" data-id=\"05986fa\" data-element_type=\"widget\" data-e-type=\"widget\" data-widget_type=\"text-editor.default\">\n\t\t\t\t\t\t\t\t\t<p>Dans cette partie de l&rsquo;\u00eele, la c\u00f4te s&rsquo;incline assez rapidement et la mer descend \u00e9galement avec la m\u00eame pente ; cette caract\u00e9ristique favorise sa clart\u00e9 et il n&rsquo;est pas du tout difficile d&rsquo;y rep\u00e9rer de nombreux poissons.<\/p><p>La plage est \u00e0 moiti\u00e9 gratuite et \u00e0 moiti\u00e9 \u00e9quip\u00e9e, cette derni\u00e8re \u00e9tant en accord avec le village, garantissant \u00e0 ses h\u00f4tes un prix avantageux.<\/p>\t\t\t\t\t\t\t\t<\/div>\n\t\t\t\t<\/div>\n\t\t<div class=\"elementor-element elementor-element-721cab46 e-con-full e-flex e-con e-child\" data-id=\"721cab46\" data-element_type=\"container\" data-e-type=\"container\">\n\t\t\t\t<div class=\"elementor-element elementor-element-4d196ce elementor-widget elementor-widget-image\" data-id=\"4d196ce\" data-element_type=\"widget\" data-e-type=\"widget\" data-widget_type=\"image.default\">\n\t\t\t\t\t\t\t\t\t\t\t\t\t\t\t<img fetchpriority=\"high\" decoding=\"async\" width=\"1920\" height=\"1080\" src=\"https:\/\/www.villaggioinnamorata.it\/wp-content\/uploads\/2026\/01\/innamorata-elba-1.jpg\" class=\"attachment-full size-full wp-image-1493\" alt=\"\" srcset=\"https:\/\/www.villaggioinnamorata.it\/wp-content\/uploads\/2026\/01\/innamorata-elba-1.jpg 1920w, https:\/\/www.villaggioinnamorata.it\/wp-content\/uploads\/2026\/01\/innamorata-elba-1-300x169.jpg 300w, https:\/\/www.villaggioinnamorata.it\/wp-content\/uploads\/2026\/01\/innamorata-elba-1-1024x576.jpg 1024w, https:\/\/www.villaggioinnamorata.it\/wp-content\/uploads\/2026\/01\/innamorata-elba-1-768x432.jpg 768w, https:\/\/www.villaggioinnamorata.it\/wp-content\/uploads\/2026\/01\/innamorata-elba-1-1536x864.jpg 1536w\" sizes=\"(max-width: 1920px) 100vw, 1920px\" \/>\t\t\t\t\t\t\t\t\t\t\t\t\t\t\t<\/div>\n\t\t\t\t<div class=\"elementor-element elementor-element-fe2338b elementor-widget elementor-widget-image\" data-id=\"fe2338b\" data-element_type=\"widget\" data-e-type=\"widget\" data-widget_type=\"image.default\">\n\t\t\t\t\t\t\t\t\t\t\t\t\t\t\t<img decoding=\"async\" width=\"800\" height=\"600\" src=\"https:\/\/www.villaggioinnamorata.it\/wp-content\/uploads\/2026\/01\/spiaggia2.jpg\" class=\"attachment-large size-large wp-image-1376\" alt=\"\" srcset=\"https:\/\/www.villaggioinnamorata.it\/wp-content\/uploads\/2026\/01\/spiaggia2.jpg 800w, https:\/\/www.villaggioinnamorata.it\/wp-content\/uploads\/2026\/01\/spiaggia2-300x225.jpg 300w, https:\/\/www.villaggioinnamorata.it\/wp-content\/uploads\/2026\/01\/spiaggia2-768x576.jpg 768w\" sizes=\"(max-width: 800px) 100vw, 800px\" \/>\t\t\t\t\t\t\t\t\t\t\t\t\t\t\t<\/div>\n\t\t\t\t<div class=\"elementor-element elementor-element-3065d68 elementor-widget elementor-widget-image\" data-id=\"3065d68\" data-element_type=\"widget\" data-e-type=\"widget\" data-widget_type=\"image.default\">\n\t\t\t\t\t\t\t\t\t\t\t\t\t\t\t<img decoding=\"async\" width=\"800\" height=\"450\" src=\"https:\/\/www.villaggioinnamorata.it\/wp-content\/uploads\/2026\/01\/villaggio-innamorata-hero-1024x576.jpg\" class=\"attachment-large size-large wp-image-1309\" alt=\"beach in love elba village\" srcset=\"https:\/\/www.villaggioinnamorata.it\/wp-content\/uploads\/2026\/01\/villaggio-innamorata-hero-1024x576.jpg 1024w, https:\/\/www.villaggioinnamorata.it\/wp-content\/uploads\/2026\/01\/villaggio-innamorata-hero-300x169.jpg 300w, https:\/\/www.villaggioinnamorata.it\/wp-content\/uploads\/2026\/01\/villaggio-innamorata-hero-768x432.jpg 768w, https:\/\/www.villaggioinnamorata.it\/wp-content\/uploads\/2026\/01\/villaggio-innamorata-hero-1536x864.jpg 1536w, https:\/\/www.villaggioinnamorata.it\/wp-content\/uploads\/2026\/01\/villaggio-innamorata-hero-2048x1152.jpg 2048w\" sizes=\"(max-width: 800px) 100vw, 800px\" \/>\t\t\t\t\t\t\t\t\t\t\t\t\t\t\t<\/div>\n\t\t\t\t<\/div>\n\t\t<div class=\"elementor-element elementor-element-1e998ba e-con-full e-flex e-con e-child\" data-id=\"1e998ba\" data-element_type=\"container\" data-e-type=\"container\">\n\t\t\t\t<div class=\"elementor-element elementor-element-947e3eb elementor-widget elementor-widget-image\" data-id=\"947e3eb\" data-element_type=\"widget\" data-e-type=\"widget\" data-widget_type=\"image.default\">\n\t\t\t\t\t\t\t\t\t\t\t\t\t\t\t<img loading=\"lazy\" decoding=\"async\" width=\"800\" height=\"533\" src=\"https:\/\/www.villaggioinnamorata.it\/wp-content\/uploads\/2026\/01\/spiaggia1.jpg\" class=\"attachment-large size-large wp-image-1860\" alt=\"\" srcset=\"https:\/\/www.villaggioinnamorata.it\/wp-content\/uploads\/2026\/01\/spiaggia1.jpg 800w, https:\/\/www.villaggioinnamorata.it\/wp-content\/uploads\/2026\/01\/spiaggia1-300x200.jpg 300w, https:\/\/www.villaggioinnamorata.it\/wp-content\/uploads\/2026\/01\/spiaggia1-768x512.jpg 768w\" sizes=\"(max-width: 800px) 100vw, 800px\" \/>\t\t\t\t\t\t\t\t\t\t\t\t\t\t\t<\/div>\n\t\t\t\t<div class=\"elementor-element elementor-element-ad77dbb elementor-widget elementor-widget-image\" data-id=\"ad77dbb\" data-element_type=\"widget\" data-e-type=\"widget\" data-widget_type=\"image.default\">\n\t\t\t\t\t\t\t\t\t\t\t\t\t\t\t<img loading=\"lazy\" decoding=\"async\" width=\"800\" height=\"445\" src=\"https:\/\/www.villaggioinnamorata.it\/wp-content\/uploads\/2026\/01\/innamorata-elba61.jpg\" class=\"attachment-large size-large wp-image-1858\" alt=\"\" srcset=\"https:\/\/www.villaggioinnamorata.it\/wp-content\/uploads\/2026\/01\/innamorata-elba61.jpg 1024w, https:\/\/www.villaggioinnamorata.it\/wp-content\/uploads\/2026\/01\/innamorata-elba61-300x167.jpg 300w, https:\/\/www.villaggioinnamorata.it\/wp-content\/uploads\/2026\/01\/innamorata-elba61-768x428.jpg 768w\" sizes=\"(max-width: 800px) 100vw, 800px\" \/>\t\t\t\t\t\t\t\t\t\t\t\t\t\t\t<\/div>\n\t\t\t\t<div class=\"elementor-element elementor-element-3a603b4 elementor-widget elementor-widget-image\" data-id=\"3a603b4\" data-element_type=\"widget\" data-e-type=\"widget\" data-widget_type=\"image.default\">\n\t\t\t\t\t\t\t\t\t\t\t\t\t\t\t<img loading=\"lazy\" decoding=\"async\" width=\"800\" height=\"533\" src=\"https:\/\/www.villaggioinnamorata.it\/wp-content\/uploads\/2026\/01\/spiaggia3.jpg\" class=\"attachment-large size-large wp-image-1709\" alt=\"\" srcset=\"https:\/\/www.villaggioinnamorata.it\/wp-content\/uploads\/2026\/01\/spiaggia3.jpg 800w, https:\/\/www.villaggioinnamorata.it\/wp-content\/uploads\/2026\/01\/spiaggia3-300x200.jpg 300w, https:\/\/www.villaggioinnamorata.it\/wp-content\/uploads\/2026\/01\/spiaggia3-768x512.jpg 768w\" sizes=\"(max-width: 800px) 100vw, 800px\" \/>\t\t\t\t\t\t\t\t\t\t\t\t\t\t\t<\/div>\n\t\t\t\t<\/div>\n\t\t\t\t<\/div>\n\t\t\t\t\t<\/div>\n\t\t\t\t<\/div>\n\t\t<div class=\"elementor-element elementor-element-23cd7df e-con-full e-flex e-con e-parent\" data-id=\"23cd7df\" data-element_type=\"container\" data-e-type=\"container\" data-settings=\"{&quot;background_background&quot;:&quot;video&quot;,&quot;background_video_link&quot;:&quot;http:\\\/\\\/www.villaggioinnamorata.it\\\/wp-content\\\/uploads\\\/2026\\\/01\\\/videomare.mp4&quot;,&quot;background_play_on_mobile&quot;:&quot;yes&quot;}\">\n\t\t<div class=\"elementor-background-video-container\">\n\t\t\t\t\t\t\t<video class=\"elementor-background-video-hosted\" role=\"presentation\" autoplay muted playsinline loop><\/video>\n\t\t\t\t\t<\/div><div class=\"elementor-element elementor-element-afd5ef9 e-con-full e-flex e-con e-child\" data-id=\"afd5ef9\" data-element_type=\"container\" data-e-type=\"container\">\n\t\t\t\t<div class=\"elementor-element elementor-element-cbc9148 elementor-invisible elementor-widget elementor-widget-text-editor\" data-id=\"cbc9148\" data-element_type=\"widget\" data-e-type=\"widget\" data-settings=\"{&quot;_animation&quot;:&quot;fadeInUp&quot;,&quot;_animation_delay&quot;:200}\" data-widget_type=\"text-editor.default\">\n\t\t\t\t\t\t\t\t\t<p>L\u00e0 o\u00f9 la mer rencontre le mythe et o\u00f9 chaque coucher de soleil est une promesse d&rsquo;amour.<\/p>\t\t\t\t\t\t\t\t<\/div>\n\t\t<div class=\"elementor-element elementor-element-b52cf5a e-con-full e-flex e-con e-child\" data-id=\"b52cf5a\" data-element_type=\"container\" data-e-type=\"container\">\n\t\t\t\t<div class=\"elementor-element elementor-element-720d601 elementor-widget__width-auto elementor-widget elementor-widget-button\" data-id=\"720d601\" data-element_type=\"widget\" data-e-type=\"widget\" data-widget_type=\"button.default\">\n\t\t\t\t\t\t\t\t\t\t<a class=\"elementor-button elementor-button-link elementor-size-sm\" href=\"https:\/\/booking.ericsoft.com\/BookingEngine\/Book?idh=7037B075FFD4BB82&#038;lang=it&#038;cur=EUR&#038;arrival=2019-04-18&#038;departure=2019-04-19&#038;pax=2_0_0_0&#038;acmp=RT0\" target=\"_blank\" rel=\"nofollow noopener\">\n\t\t\t\t\t\t<span class=\"elementor-button-content-wrapper\">\n\t\t\t\t\t\t\t\t\t<span class=\"elementor-button-text\">R\u00e9servez d\u00e8s maintenant<\/span>\n\t\t\t\t\t<\/span>\n\t\t\t\t\t<\/a>\n\t\t\t\t\t\t\t\t<\/div>\n\t\t\t\t<div class=\"elementor-element elementor-element-ee6cb24 elementor-widget__width-auto elementor-widget elementor-widget-button\" data-id=\"ee6cb24\" data-element_type=\"widget\" data-e-type=\"widget\" data-widget_type=\"button.default\">\n\t\t\t\t\t\t\t\t\t\t<a class=\"elementor-button elementor-button-link elementor-size-sm\" href=\"tel:+390565939104\">\n\t\t\t\t\t\t<span class=\"elementor-button-content-wrapper\">\n\t\t\t\t\t\t<span class=\"elementor-button-icon\">\n\t\t\t\t<svg aria-hidden=\"true\" class=\"e-font-icon-svg e-fas-phone-alt\" viewBox=\"0 0 512 512\" xmlns=\"http:\/\/www.w3.org\/2000\/svg\"><path d=\"M497.39 361.8l-112-48a24 24 0 0 0-28 6.9l-49.6 60.6A370.66 370.66 0 0 1 130.6 204.11l60.6-49.6a23.94 23.94 0 0 0 6.9-28l-48-112A24.16 24.16 0 0 0 122.6.61l-104 24A24 24 0 0 0 0 48c0 256.5 207.9 464 464 464a24 24 0 0 0 23.4-18.6l24-104a24.29 24.29 0 0 0-14.01-27.6z\"><\/path><\/svg>\t\t\t<\/span>\n\t\t\t\t\t\t\t\t\t<span class=\"elementor-button-text\">+39 0565 939104<\/span>\n\t\t\t\t\t<\/span>\n\t\t\t\t\t<\/a>\n\t\t\t\t\t\t\t\t<\/div>\n\t\t\t\t<\/div>\n\t\t\t\t<\/div>\n\t\t\t\t<\/div>\n\t\t\t\t<\/div>\n\t\t","protected":false},"excerpt":{"rendered":"<p>Plage d&rsquo;Innamorata Une plage \u00e0 aimer sur l&rsquo;\u00eele d&rsquo;Elbe La plage d&rsquo;Innamorata est une rencontre magique entre la mer et la nature, le bleu et le vert, l&rsquo;eau et la terre. Autrefois appel\u00e9e \u00ab\u00a0Cala de lo ferro\u00a0\u00bb (crique du fer) en raison de son origine min\u00e9rale, Innamorata est une plage de sable. Sur ses c\u00f4t\u00e9s [&hellip;]<\/p>\n","protected":false},"author":1,"featured_media":0,"parent":0,"menu_order":0,"comment_status":"closed","ping_status":"closed","template":"","meta":{"footnotes":""},"class_list":["post-1856","page","type-page","status-publish","hentry"],"_links":{"self":[{"href":"https:\/\/www.villaggioinnamorata.it\/fr\/wp-json\/wp\/v2\/pages\/1856","targetHints":{"allow":["GET"]}}],"collection":[{"href":"https:\/\/www.villaggioinnamorata.it\/fr\/wp-json\/wp\/v2\/pages"}],"about":[{"href":"https:\/\/www.villaggioinnamorata.it\/fr\/wp-json\/wp\/v2\/types\/page"}],"author":[{"embeddable":true,"href":"https:\/\/www.villaggioinnamorata.it\/fr\/wp-json\/wp\/v2\/users\/1"}],"replies":[{"embeddable":true,"href":"https:\/\/www.villaggioinnamorata.it\/fr\/wp-json\/wp\/v2\/comments?post=1856"}],"version-history":[{"count":2,"href":"https:\/\/www.villaggioinnamorata.it\/fr\/wp-json\/wp\/v2\/pages\/1856\/revisions"}],"predecessor-version":[{"id":2001,"href":"https:\/\/www.villaggioinnamorata.it\/fr\/wp-json\/wp\/v2\/pages\/1856\/revisions\/2001"}],"wp:attachment":[{"href":"https:\/\/www.villaggioinnamorata.it\/fr\/wp-json\/wp\/v2\/media?parent=1856"}],"curies":[{"name":"wp","href":"https:\/\/api.w.org\/{rel}","templated":true}]}}