{"id":1758,"date":"2026-01-23T14:02:50","date_gmt":"2026-01-23T14:02:50","guid":{"rendered":"https:\/\/www.villaggioinnamorata.it\/restaurant\/"},"modified":"2026-01-30T14:29:42","modified_gmt":"2026-01-30T14:29:42","slug":"restaurant","status":"publish","type":"page","link":"https:\/\/www.villaggioinnamorata.it\/fr\/restaurant\/","title":{"rendered":"Restaurant"},"content":{"rendered":"\t\t<div data-elementor-type=\"wp-page\" data-elementor-id=\"1758\" class=\"elementor elementor-1758 elementor-787\" data-elementor-post-type=\"page\">\n\t\t\t\t<div class=\"elementor-element elementor-element-95deb47 e-flex e-con-boxed e-con e-parent\" data-id=\"95deb47\" data-element_type=\"container\" data-e-type=\"container\" data-settings=\"{&quot;background_background&quot;:&quot;classic&quot;}\">\n\t\t\t\t\t<div class=\"e-con-inner\">\n\t\t\t\t<div class=\"elementor-element elementor-element-fe54b37 elementor-invisible elementor-widget elementor-widget-heading\" data-id=\"fe54b37\" data-element_type=\"widget\" data-e-type=\"widget\" data-settings=\"{&quot;_animation&quot;:&quot;slideInUp&quot;}\" data-widget_type=\"heading.default\">\n\t\t\t\t\t<h1 class=\"elementor-heading-title elementor-size-default\">Restaurant Lo Scial\u00e0<\/h1>\t\t\t\t<\/div>\n\t\t\t\t\t<\/div>\n\t\t\t\t<\/div>\n\t\t<div class=\"elementor-element elementor-element-56cf059 e-flex e-con-boxed e-con e-parent\" data-id=\"56cf059\" data-element_type=\"container\" data-e-type=\"container\">\n\t\t\t\t\t<div class=\"e-con-inner\">\n\t\t\t\t<div class=\"elementor-element elementor-element-c8876b5 elementor-widget elementor-widget-heading\" data-id=\"c8876b5\" data-element_type=\"widget\" data-e-type=\"widget\" data-widget_type=\"heading.default\">\n\t\t\t\t\t<h2 class=\"elementor-heading-title elementor-size-default\">D'excellents plats d\u00e9gust\u00e9s au bord de la mer\n<\/h2>\t\t\t\t<\/div>\n\t\t\t\t<div class=\"elementor-element elementor-element-56f53b9 elementor-widget elementor-widget-text-editor\" data-id=\"56f53b9\" data-element_type=\"widget\" data-e-type=\"widget\" data-widget_type=\"text-editor.default\">\n\t\t\t\t\t\t\t\t\t<p>Le restaurant, qui donne sur la plage, est le v\u00e9ritable c\u0153ur du village. C&rsquo;est ici que les personnes qui r\u00e9servent les services de l&rsquo;h\u00f4tel en bed and breakfast, en demi-pension ou en pension compl\u00e8te trouveront un riche buffet de petit-d\u00e9jeuner et des repas servis \u00e0 table avec un choix de menus \u00e0 la carte. <\/p>\t\t\t\t\t\t\t\t<\/div>\n\t\t<div class=\"elementor-element elementor-element-69518de e-con-full e-flex e-con e-child\" data-id=\"69518de\" data-element_type=\"container\" data-e-type=\"container\">\n\t\t<div class=\"elementor-element elementor-element-f9a0fd8 e-con-full e-flex e-con e-child\" data-id=\"f9a0fd8\" data-element_type=\"container\" data-e-type=\"container\">\n\t\t\t\t<div class=\"elementor-element elementor-element-d219a88 elementor-widget elementor-widget-text-editor\" data-id=\"d219a88\" data-element_type=\"widget\" data-e-type=\"widget\" data-widget_type=\"text-editor.default\">\n\t\t\t\t\t\t\t\t\t<p>Le restaurant est \u00e9galement \u00e0 la disposition des h\u00f4tes du service de r\u00e9sidence.<\/p><p>La cuisine propose des plats exquis de la terre et de la mer, des fougasses chaudes et farcies au d\u00e9jeuner et d&rsquo;excellentes pizzas au d\u00eener.<\/p><p>Ouvert pour le d\u00e9jeuner et le d\u00eener pendant toute la p\u00e9riode d&rsquo;ouverture.<\/p>\t\t\t\t\t\t\t\t<\/div>\n\t\t\t\t<div class=\"elementor-element elementor-element-663ace2 elementor-widget__width-auto elementor-widget elementor-widget-button\" data-id=\"663ace2\" data-element_type=\"widget\" data-e-type=\"widget\" data-widget_type=\"button.default\">\n\t\t\t\t\t\t\t\t\t\t<a class=\"elementor-button elementor-button-link elementor-size-sm\" href=\"https:\/\/www.isoladelba.restaurant\/sciala\/\" target=\"_blank\" rel=\"nofollow noopener\">\n\t\t\t\t\t\t<span class=\"elementor-button-content-wrapper\">\n\t\t\t\t\t\t\t\t\t<span class=\"elementor-button-text\">D\u00e9couvrez le menu<\/span>\n\t\t\t\t\t<\/span>\n\t\t\t\t\t<\/a>\n\t\t\t\t\t\t\t\t<\/div>\n\t\t\t\t<div class=\"elementor-element elementor-element-a76418b elementor-widget elementor-widget-heading\" data-id=\"a76418b\" data-element_type=\"widget\" data-e-type=\"widget\" data-widget_type=\"heading.default\">\n\t\t\t\t\t<h2 class=\"elementor-heading-title elementor-size-default\">Lo Scial\u00e0<\/h2>\t\t\t\t<\/div>\n\t\t\t\t<div class=\"elementor-element elementor-element-baeeb37 elementor-widget elementor-widget-text-editor\" data-id=\"baeeb37\" data-element_type=\"widget\" data-e-type=\"widget\" data-widget_type=\"text-editor.default\">\n\t\t\t\t\t\t\t\t\t<p>Au si\u00e8cle dernier, les mat\u00e9riaux ferreux provenant des mines voisines de Vallone et de Ginevro \u00e9taient charg\u00e9s sur des bateaux et partaient vers les fonderies du continent depuis la plage d&rsquo;Innamorata, connue dans l&rsquo;Antiquit\u00e9 sous le nom de \u00ab\u00a0cala de lo fero\u00a0\u00bb.<\/p><p>Les \u00ab\u00a0scial\u00e0\u00a0\u00bb \u00e9taient les chariots en fer utilis\u00e9s pour le transport des minerais, et c&rsquo;est le nom choisi pour le restaurant principal du village, un nom qui peut \u00e9veiller la curiosit\u00e9 des h\u00f4tes afin que l&rsquo;histoire \u00e9vocatrice de notre terre soit \u00e9galement connue et aim\u00e9e par eux. \u00c0 quelques pas du restaurant commence l&rsquo;un des itin\u00e9raires de randonn\u00e9e menant au mus\u00e9e de la mine. <\/p>\t\t\t\t\t\t\t\t<\/div>\n\t\t\t\t<div class=\"elementor-element elementor-element-4703501 elementor-widget__width-auto elementor-widget elementor-widget-button\" data-id=\"4703501\" data-element_type=\"widget\" data-e-type=\"widget\" data-widget_type=\"button.default\">\n\t\t\t\t\t\t\t\t\t\t<a class=\"elementor-button elementor-button-link elementor-size-sm\" href=\"tel:+390565939101\" target=\"_blank\" rel=\"nofollow\">\n\t\t\t\t\t\t<span class=\"elementor-button-content-wrapper\">\n\t\t\t\t\t\t\t\t\t<span class=\"elementor-button-text\">Appelez maintenant : 0565 939101<\/span>\n\t\t\t\t\t<\/span>\n\t\t\t\t\t<\/a>\n\t\t\t\t\t\t\t\t<\/div>\n\t\t\t\t<\/div>\n\t\t<div class=\"elementor-element elementor-element-a1c6091 e-con-full e-flex e-con e-child\" data-id=\"a1c6091\" data-element_type=\"container\" data-e-type=\"container\">\n\t\t\t\t<div class=\"elementor-element elementor-element-b1afd58 elementor-widget elementor-widget-image\" data-id=\"b1afd58\" data-element_type=\"widget\" data-e-type=\"widget\" data-widget_type=\"image.default\">\n\t\t\t\t\t\t\t\t\t\t\t\t\t\t\t<img fetchpriority=\"high\" decoding=\"async\" width=\"1024\" height=\"768\" src=\"https:\/\/www.villaggioinnamorata.it\/wp-content\/uploads\/2026\/01\/sciala-n1.jpg\" class=\"attachment-full size-full wp-image-1761\" alt=\"\" srcset=\"https:\/\/www.villaggioinnamorata.it\/wp-content\/uploads\/2026\/01\/sciala-n1.jpg 1024w, https:\/\/www.villaggioinnamorata.it\/wp-content\/uploads\/2026\/01\/sciala-n1-300x225.jpg 300w, https:\/\/www.villaggioinnamorata.it\/wp-content\/uploads\/2026\/01\/sciala-n1-768x576.jpg 768w\" sizes=\"(max-width: 1024px) 100vw, 1024px\" \/>\t\t\t\t\t\t\t\t\t\t\t\t\t\t\t<\/div>\n\t\t\t\t<div class=\"elementor-element elementor-element-4807d5e elementor-widget elementor-widget-image\" data-id=\"4807d5e\" data-element_type=\"widget\" data-e-type=\"widget\" data-widget_type=\"image.default\">\n\t\t\t\t\t\t\t\t\t\t\t\t\t\t\t<img decoding=\"async\" width=\"800\" height=\"600\" src=\"https:\/\/www.villaggioinnamorata.it\/wp-content\/uploads\/2026\/01\/sciala-n8.jpg\" class=\"attachment-large size-large wp-image-1764\" alt=\"\" srcset=\"https:\/\/www.villaggioinnamorata.it\/wp-content\/uploads\/2026\/01\/sciala-n8.jpg 1024w, https:\/\/www.villaggioinnamorata.it\/wp-content\/uploads\/2026\/01\/sciala-n8-300x225.jpg 300w, https:\/\/www.villaggioinnamorata.it\/wp-content\/uploads\/2026\/01\/sciala-n8-768x576.jpg 768w\" sizes=\"(max-width: 800px) 100vw, 800px\" \/>\t\t\t\t\t\t\t\t\t\t\t\t\t\t\t<\/div>\n\t\t\t\t<div class=\"elementor-element elementor-element-0c26c83 elementor-widget elementor-widget-image\" data-id=\"0c26c83\" data-element_type=\"widget\" data-e-type=\"widget\" data-widget_type=\"image.default\">\n\t\t\t\t\t\t\t\t\t\t\t\t\t\t\t<img decoding=\"async\" width=\"800\" height=\"600\" src=\"https:\/\/www.villaggioinnamorata.it\/wp-content\/uploads\/2026\/01\/sciala-n3.jpg\" class=\"attachment-large size-large wp-image-1762\" alt=\"\" srcset=\"https:\/\/www.villaggioinnamorata.it\/wp-content\/uploads\/2026\/01\/sciala-n3.jpg 1024w, https:\/\/www.villaggioinnamorata.it\/wp-content\/uploads\/2026\/01\/sciala-n3-300x225.jpg 300w, https:\/\/www.villaggioinnamorata.it\/wp-content\/uploads\/2026\/01\/sciala-n3-768x576.jpg 768w\" sizes=\"(max-width: 800px) 100vw, 800px\" \/>\t\t\t\t\t\t\t\t\t\t\t\t\t\t\t<\/div>\n\t\t\t\t<\/div>\n\t\t<div class=\"elementor-element elementor-element-c1da7b0 e-con-full e-flex e-con e-child\" data-id=\"c1da7b0\" data-element_type=\"container\" data-e-type=\"container\">\n\t\t\t\t<div class=\"elementor-element elementor-element-ce42388 elementor-widget elementor-widget-image\" data-id=\"ce42388\" data-element_type=\"widget\" data-e-type=\"widget\" data-widget_type=\"image.default\">\n\t\t\t\t\t\t\t\t\t\t\t\t\t\t\t<img loading=\"lazy\" decoding=\"async\" width=\"800\" height=\"517\" src=\"https:\/\/www.villaggioinnamorata.it\/wp-content\/uploads\/2026\/01\/sciala9.jpg\" class=\"attachment-large size-large wp-image-1377\" alt=\"\" srcset=\"https:\/\/www.villaggioinnamorata.it\/wp-content\/uploads\/2026\/01\/sciala9.jpg 800w, https:\/\/www.villaggioinnamorata.it\/wp-content\/uploads\/2026\/01\/sciala9-300x194.jpg 300w, https:\/\/www.villaggioinnamorata.it\/wp-content\/uploads\/2026\/01\/sciala9-768x496.jpg 768w\" sizes=\"(max-width: 800px) 100vw, 800px\" \/>\t\t\t\t\t\t\t\t\t\t\t\t\t\t\t<\/div>\n\t\t\t\t<div class=\"elementor-element elementor-element-e07b8bd elementor-widget elementor-widget-image\" data-id=\"e07b8bd\" data-element_type=\"widget\" data-e-type=\"widget\" data-widget_type=\"image.default\">\n\t\t\t\t\t\t\t\t\t\t\t\t\t\t\t<img loading=\"lazy\" decoding=\"async\" width=\"800\" height=\"600\" src=\"https:\/\/www.villaggioinnamorata.it\/wp-content\/uploads\/2026\/01\/sciala-n6.jpg\" class=\"attachment-large size-large wp-image-1763\" alt=\"\" srcset=\"https:\/\/www.villaggioinnamorata.it\/wp-content\/uploads\/2026\/01\/sciala-n6.jpg 1024w, https:\/\/www.villaggioinnamorata.it\/wp-content\/uploads\/2026\/01\/sciala-n6-300x225.jpg 300w, https:\/\/www.villaggioinnamorata.it\/wp-content\/uploads\/2026\/01\/sciala-n6-768x576.jpg 768w\" sizes=\"(max-width: 800px) 100vw, 800px\" \/>\t\t\t\t\t\t\t\t\t\t\t\t\t\t\t<\/div>\n\t\t\t\t<div class=\"elementor-element elementor-element-71dcdd6 elementor-widget elementor-widget-image\" data-id=\"71dcdd6\" data-element_type=\"widget\" data-e-type=\"widget\" data-widget_type=\"image.default\">\n\t\t\t\t\t\t\t\t\t\t\t\t\t\t\t<img loading=\"lazy\" decoding=\"async\" width=\"800\" height=\"600\" src=\"https:\/\/www.villaggioinnamorata.it\/wp-content\/uploads\/2026\/01\/sciala-n7.jpg\" class=\"attachment-large size-large wp-image-1765\" alt=\"\" srcset=\"https:\/\/www.villaggioinnamorata.it\/wp-content\/uploads\/2026\/01\/sciala-n7.jpg 1024w, https:\/\/www.villaggioinnamorata.it\/wp-content\/uploads\/2026\/01\/sciala-n7-300x225.jpg 300w, https:\/\/www.villaggioinnamorata.it\/wp-content\/uploads\/2026\/01\/sciala-n7-768x576.jpg 768w\" sizes=\"(max-width: 800px) 100vw, 800px\" \/>\t\t\t\t\t\t\t\t\t\t\t\t\t\t\t<\/div>\n\t\t\t\t<\/div>\n\t\t\t\t<\/div>\n\t\t\t\t\t<\/div>\n\t\t\t\t<\/div>\n\t\t\t\t<\/div>\n\t\t","protected":false},"excerpt":{"rendered":"<p>Restaurant Lo Scial\u00e0 D&rsquo;excellents plats d\u00e9gust\u00e9s au bord de la mer Le restaurant, qui donne sur la plage, est le v\u00e9ritable c\u0153ur du village. C&rsquo;est ici que les personnes qui r\u00e9servent les services de l&rsquo;h\u00f4tel en bed and breakfast, en demi-pension ou en pension compl\u00e8te trouveront un riche buffet de petit-d\u00e9jeuner et des repas servis [&hellip;]<\/p>\n","protected":false},"author":1,"featured_media":0,"parent":0,"menu_order":0,"comment_status":"closed","ping_status":"closed","template":"","meta":{"footnotes":""},"class_list":["post-1758","page","type-page","status-publish","hentry"],"_links":{"self":[{"href":"https:\/\/www.villaggioinnamorata.it\/fr\/wp-json\/wp\/v2\/pages\/1758","targetHints":{"allow":["GET"]}}],"collection":[{"href":"https:\/\/www.villaggioinnamorata.it\/fr\/wp-json\/wp\/v2\/pages"}],"about":[{"href":"https:\/\/www.villaggioinnamorata.it\/fr\/wp-json\/wp\/v2\/types\/page"}],"author":[{"embeddable":true,"href":"https:\/\/www.villaggioinnamorata.it\/fr\/wp-json\/wp\/v2\/users\/1"}],"replies":[{"embeddable":true,"href":"https:\/\/www.villaggioinnamorata.it\/fr\/wp-json\/wp\/v2\/comments?post=1758"}],"version-history":[{"count":1,"href":"https:\/\/www.villaggioinnamorata.it\/fr\/wp-json\/wp\/v2\/pages\/1758\/revisions"}],"predecessor-version":[{"id":1766,"href":"https:\/\/www.villaggioinnamorata.it\/fr\/wp-json\/wp\/v2\/pages\/1758\/revisions\/1766"}],"wp:attachment":[{"href":"https:\/\/www.villaggioinnamorata.it\/fr\/wp-json\/wp\/v2\/media?parent=1758"}],"curies":[{"name":"wp","href":"https:\/\/api.w.org\/{rel}","templated":true}]}}