{"id":1542,"date":"2026-01-23T02:44:06","date_gmt":"2026-01-23T02:44:06","guid":{"rendered":"https:\/\/www.villaggioinnamorata.it\/la-legende\/"},"modified":"2026-01-30T14:23:13","modified_gmt":"2026-01-30T14:23:13","slug":"la-legende","status":"publish","type":"page","link":"https:\/\/www.villaggioinnamorata.it\/fr\/la-legende\/","title":{"rendered":"La l\u00e9gende"},"content":{"rendered":"\t\t<div data-elementor-type=\"wp-page\" data-elementor-id=\"1542\" class=\"elementor elementor-1542 elementor-703\" data-elementor-post-type=\"page\">\n\t\t\t\t<div class=\"elementor-element elementor-element-d7b58ce e-flex e-con-boxed e-con e-parent\" data-id=\"d7b58ce\" data-element_type=\"container\" data-e-type=\"container\" data-settings=\"{&quot;background_background&quot;:&quot;classic&quot;}\">\n\t\t\t\t\t<div class=\"e-con-inner\">\n\t\t\t\t<div class=\"elementor-element elementor-element-ba529d7 elementor-invisible elementor-widget elementor-widget-heading\" data-id=\"ba529d7\" data-element_type=\"widget\" data-e-type=\"widget\" data-settings=\"{&quot;_animation&quot;:&quot;slideInUp&quot;}\" data-widget_type=\"heading.default\">\n\t\t\t\t\t<h1 class=\"elementor-heading-title elementor-size-default\">La l\u00e9gende<\/h1>\t\t\t\t<\/div>\n\t\t\t\t\t<\/div>\n\t\t\t\t<\/div>\n\t\t<div class=\"elementor-element elementor-element-fab16ab e-flex e-con-boxed e-con e-parent\" data-id=\"fab16ab\" data-element_type=\"container\" data-e-type=\"container\">\n\t\t\t\t\t<div class=\"e-con-inner\">\n\t\t\t\t<div class=\"elementor-element elementor-element-dfacdc7 elementor-widget elementor-widget-heading\" data-id=\"dfacdc7\" data-element_type=\"widget\" data-e-type=\"widget\" data-widget_type=\"heading.default\">\n\t\t\t\t\t<h2 class=\"elementor-heading-title elementor-size-default\">La l\u00e9gende de l'Innamorata\n<\/h2>\t\t\t\t<\/div>\n\t\t\t\t<div class=\"elementor-element elementor-element-216a420 elementor-widget elementor-widget-text-editor\" data-id=\"216a420\" data-element_type=\"widget\" data-e-type=\"widget\" data-widget_type=\"text-editor.default\">\n\t\t\t\t\t\t\t\t\t<p><em>\u00ab\u00a0C&rsquo;\u00e9tait en 1534, les c\u00f4tes de l&rsquo;\u00eele d&rsquo;Elbe \u00e9taient pill\u00e9es par le pirate Barberousse et ses Sarrasins, mais cela importait peu \u00e0 deux jeunes amoureux comme Lorenzo et Maria. Cet apr\u00e8s-midi-l\u00e0, c&rsquo;\u00e9tait le 14 juillet, Lorenzo arriva t\u00f4t sur la plage, Maria, du haut du sentier, erra \u00e0 la recherche de son bien-aim\u00e9, mais elle vit un \u00e9quipage d&rsquo;hommes d\u00e9barquer d&rsquo;un canot de sauvetage&#8230; Impuissante, elle assiste au combat furieux qui s&rsquo;engage ; Lorenzo se bat avec honneur, mais \u00e9puis\u00e9, il est fait prisonnier. Maria court vers la plage \u00e0 temps pour voir le navire corsaire s&rsquo;\u00e9loigner apr\u00e8s avoir jet\u00e9 \u00e0 la mer un corps agonisant. Reconnaissant dans ce corps son bien-aim\u00e9, Maria se laisse tomber dans la mer, dans un dernier \u00e9lan d&rsquo;amour d\u00e9sesp\u00e9r\u00e9\u00a0\u00bb.<\/em><\/p>\t\t\t\t\t\t\t\t<\/div>\n\t\t<div class=\"elementor-element elementor-element-f3601a1 e-con-full e-flex e-con e-child\" data-id=\"f3601a1\" data-element_type=\"container\" data-e-type=\"container\">\n\t\t<div class=\"elementor-element elementor-element-1513a58 e-con-full e-flex e-con e-child\" data-id=\"1513a58\" data-element_type=\"container\" data-e-type=\"container\">\n\t\t\t\t<div class=\"elementor-element elementor-element-01067dc elementor-widget elementor-widget-text-editor\" data-id=\"01067dc\" data-element_type=\"widget\" data-e-type=\"widget\" data-widget_type=\"text-editor.default\">\n\t\t\t\t\t\t\t\t\t<p>C&rsquo;est de cette ancienne histoire de p\u00eacheurs que la plage tire son nom \u00ab\u00a0INNAMORATA\u00a0\u00bb. Chaque ann\u00e9e, l&rsquo;amour de Marie pour Lorenzo est reconstitu\u00e9 le soir du 14 juillet par l&rsquo;association \u00ab\u00a0Granducato Innamorata\u00a0\u00bb en collaboration avec notre village. <\/p><p>\u00c0 la tomb\u00e9e de la nuit, la plage est illumin\u00e9e par un millier de torches, les cloches de l&rsquo;\u00e9glise annoncent la procession aux flambeaux et la procession commence ; les quatre quartiers Baluardo, Fortezza, Fosso et Torre d\u00e9filent dans les rues de la ville, pr\u00e9c\u00e9d\u00e9s par les nobles, conduits par le comte Domingo Cardenas et son \u00e9pouse Isabel Martor\u00e8l.<\/p><p>Le cort\u00e8ge se rend ensuite sur la plage de l&rsquo;Innamorata, o\u00f9 Maria, depuis les rochers, saute dans l&rsquo;eau \u00e0 la recherche de Lorenzo. C&rsquo;est l\u00e0, selon la l\u00e9gende, que se trouve le ch\u00e2le perdu par Maria. <\/p><p>Le rocher s&rsquo;appelle d\u00e9sormais le Scoglio della Ciarpa, d&rsquo;o\u00f9 le d\u00e9fi ! Les quatre Rioni s&rsquo;affrontent dans un palio \u00e0 la rame : celui qui parvient le premier \u00e0 s&#8217;emparer de la Ciarpa l&#8217;emporte et peut d\u00e9signer la jeune fille qui sera la Maria dell&rsquo;Innamorata l&rsquo;ann\u00e9e suivante. <\/p><p>Une fois la r\u00e9gate termin\u00e9e et la nouvelle \u00ab\u00a0Innamorata\u00a0\u00bb \u00e9lue, la f\u00eate se d\u00e9place dans l&rsquo;ar\u00e8ne du restaurant \u00ab\u00a0lo Scial\u00e0\u00a0\u00bb, o\u00f9 la musique et les r\u00e9jouissances se poursuivent jusque tard dans la nuit.<\/p>\t\t\t\t\t\t\t\t<\/div>\n\t\t\t\t<\/div>\n\t\t<div class=\"elementor-element elementor-element-426e6aa e-con-full e-flex e-con e-child\" data-id=\"426e6aa\" data-element_type=\"container\" data-e-type=\"container\">\n\t\t\t\t<div class=\"elementor-element elementor-element-99ac03b elementor-widget elementor-widget-image\" data-id=\"99ac03b\" data-element_type=\"widget\" data-e-type=\"widget\" data-widget_type=\"image.default\">\n\t\t\t\t\t\t\t\t\t\t\t\t\t\t\t<img fetchpriority=\"high\" decoding=\"async\" width=\"800\" height=\"600\" src=\"https:\/\/www.villaggioinnamorata.it\/wp-content\/uploads\/2026\/01\/leggenda2.jpg\" class=\"attachment-full size-full wp-image-1546\" alt=\"\" srcset=\"https:\/\/www.villaggioinnamorata.it\/wp-content\/uploads\/2026\/01\/leggenda2.jpg 800w, https:\/\/www.villaggioinnamorata.it\/wp-content\/uploads\/2026\/01\/leggenda2-300x225.jpg 300w, https:\/\/www.villaggioinnamorata.it\/wp-content\/uploads\/2026\/01\/leggenda2-768x576.jpg 768w\" sizes=\"(max-width: 800px) 100vw, 800px\" \/>\t\t\t\t\t\t\t\t\t\t\t\t\t\t\t<\/div>\n\t\t\t\t<div class=\"elementor-element elementor-element-8796beb elementor-widget elementor-widget-image\" data-id=\"8796beb\" data-element_type=\"widget\" data-e-type=\"widget\" data-widget_type=\"image.default\">\n\t\t\t\t\t\t\t\t\t\t\t\t\t\t\t<img decoding=\"async\" width=\"800\" height=\"600\" src=\"https:\/\/www.villaggioinnamorata.it\/wp-content\/uploads\/2026\/01\/leggenda4.jpg\" class=\"attachment-large size-large wp-image-1548\" alt=\"\" srcset=\"https:\/\/www.villaggioinnamorata.it\/wp-content\/uploads\/2026\/01\/leggenda4.jpg 800w, https:\/\/www.villaggioinnamorata.it\/wp-content\/uploads\/2026\/01\/leggenda4-300x225.jpg 300w, https:\/\/www.villaggioinnamorata.it\/wp-content\/uploads\/2026\/01\/leggenda4-768x576.jpg 768w\" sizes=\"(max-width: 800px) 100vw, 800px\" \/>\t\t\t\t\t\t\t\t\t\t\t\t\t\t\t<\/div>\n\t\t\t\t<div class=\"elementor-element elementor-element-b6b4bb9 elementor-widget elementor-widget-image\" data-id=\"b6b4bb9\" data-element_type=\"widget\" data-e-type=\"widget\" data-widget_type=\"image.default\">\n\t\t\t\t\t\t\t\t\t\t\t\t\t\t\t<img decoding=\"async\" width=\"800\" height=\"600\" src=\"https:\/\/www.villaggioinnamorata.it\/wp-content\/uploads\/2026\/01\/leggenda9.jpg\" class=\"attachment-large size-large wp-image-1553\" alt=\"\" srcset=\"https:\/\/www.villaggioinnamorata.it\/wp-content\/uploads\/2026\/01\/leggenda9.jpg 800w, https:\/\/www.villaggioinnamorata.it\/wp-content\/uploads\/2026\/01\/leggenda9-300x225.jpg 300w, https:\/\/www.villaggioinnamorata.it\/wp-content\/uploads\/2026\/01\/leggenda9-768x576.jpg 768w\" sizes=\"(max-width: 800px) 100vw, 800px\" \/>\t\t\t\t\t\t\t\t\t\t\t\t\t\t\t<\/div>\n\t\t\t\t<div class=\"elementor-element elementor-element-d0e70ce elementor-widget elementor-widget-image\" data-id=\"d0e70ce\" data-element_type=\"widget\" data-e-type=\"widget\" data-widget_type=\"image.default\">\n\t\t\t\t\t\t\t\t\t\t\t\t\t\t\t<img loading=\"lazy\" decoding=\"async\" width=\"800\" height=\"600\" src=\"https:\/\/www.villaggioinnamorata.it\/wp-content\/uploads\/2026\/01\/leggenda8.jpg\" class=\"attachment-large size-large wp-image-1552\" alt=\"\" srcset=\"https:\/\/www.villaggioinnamorata.it\/wp-content\/uploads\/2026\/01\/leggenda8.jpg 800w, https:\/\/www.villaggioinnamorata.it\/wp-content\/uploads\/2026\/01\/leggenda8-300x225.jpg 300w, https:\/\/www.villaggioinnamorata.it\/wp-content\/uploads\/2026\/01\/leggenda8-768x576.jpg 768w\" sizes=\"(max-width: 800px) 100vw, 800px\" \/>\t\t\t\t\t\t\t\t\t\t\t\t\t\t\t<\/div>\n\t\t\t\t<div class=\"elementor-element elementor-element-e05e154 elementor-widget elementor-widget-image\" data-id=\"e05e154\" data-element_type=\"widget\" data-e-type=\"widget\" data-widget_type=\"image.default\">\n\t\t\t\t\t\t\t\t\t\t\t\t\t\t\t<img loading=\"lazy\" decoding=\"async\" width=\"800\" height=\"600\" src=\"https:\/\/www.villaggioinnamorata.it\/wp-content\/uploads\/2026\/01\/leggenda14.jpg\" class=\"attachment-large size-large wp-image-1556\" alt=\"\" srcset=\"https:\/\/www.villaggioinnamorata.it\/wp-content\/uploads\/2026\/01\/leggenda14.jpg 800w, https:\/\/www.villaggioinnamorata.it\/wp-content\/uploads\/2026\/01\/leggenda14-300x225.jpg 300w, https:\/\/www.villaggioinnamorata.it\/wp-content\/uploads\/2026\/01\/leggenda14-768x576.jpg 768w\" sizes=\"(max-width: 800px) 100vw, 800px\" \/>\t\t\t\t\t\t\t\t\t\t\t\t\t\t\t<\/div>\n\t\t\t\t<\/div>\n\t\t<div class=\"elementor-element elementor-element-541e269 e-con-full e-flex e-con e-child\" data-id=\"541e269\" data-element_type=\"container\" data-e-type=\"container\">\n\t\t\t\t<div class=\"elementor-element elementor-element-9653648 elementor-widget elementor-widget-image\" data-id=\"9653648\" data-element_type=\"widget\" data-e-type=\"widget\" data-widget_type=\"image.default\">\n\t\t\t\t\t\t\t\t\t\t\t\t\t\t\t<img loading=\"lazy\" decoding=\"async\" width=\"800\" height=\"600\" src=\"https:\/\/www.villaggioinnamorata.it\/wp-content\/uploads\/2026\/01\/leggenda3.jpg\" class=\"attachment-large size-large wp-image-1547\" alt=\"\" srcset=\"https:\/\/www.villaggioinnamorata.it\/wp-content\/uploads\/2026\/01\/leggenda3.jpg 800w, https:\/\/www.villaggioinnamorata.it\/wp-content\/uploads\/2026\/01\/leggenda3-300x225.jpg 300w, https:\/\/www.villaggioinnamorata.it\/wp-content\/uploads\/2026\/01\/leggenda3-768x576.jpg 768w\" sizes=\"(max-width: 800px) 100vw, 800px\" \/>\t\t\t\t\t\t\t\t\t\t\t\t\t\t\t<\/div>\n\t\t\t\t<div class=\"elementor-element elementor-element-721f096 elementor-widget elementor-widget-image\" data-id=\"721f096\" data-element_type=\"widget\" data-e-type=\"widget\" data-widget_type=\"image.default\">\n\t\t\t\t\t\t\t\t\t\t\t\t\t\t\t<img loading=\"lazy\" decoding=\"async\" width=\"800\" height=\"600\" src=\"https:\/\/www.villaggioinnamorata.it\/wp-content\/uploads\/2026\/01\/leggenda5.jpg\" class=\"attachment-large size-large wp-image-1549\" alt=\"\" srcset=\"https:\/\/www.villaggioinnamorata.it\/wp-content\/uploads\/2026\/01\/leggenda5.jpg 800w, https:\/\/www.villaggioinnamorata.it\/wp-content\/uploads\/2026\/01\/leggenda5-300x225.jpg 300w, https:\/\/www.villaggioinnamorata.it\/wp-content\/uploads\/2026\/01\/leggenda5-768x576.jpg 768w\" sizes=\"(max-width: 800px) 100vw, 800px\" \/>\t\t\t\t\t\t\t\t\t\t\t\t\t\t\t<\/div>\n\t\t\t\t<div class=\"elementor-element elementor-element-40ab0f2 elementor-widget elementor-widget-image\" data-id=\"40ab0f2\" data-element_type=\"widget\" data-e-type=\"widget\" data-widget_type=\"image.default\">\n\t\t\t\t\t\t\t\t\t\t\t\t\t\t\t<img loading=\"lazy\" decoding=\"async\" width=\"800\" height=\"600\" src=\"https:\/\/www.villaggioinnamorata.it\/wp-content\/uploads\/2026\/01\/leggenda11.jpg\" class=\"attachment-large size-large wp-image-1555\" alt=\"\" srcset=\"https:\/\/www.villaggioinnamorata.it\/wp-content\/uploads\/2026\/01\/leggenda11.jpg 800w, https:\/\/www.villaggioinnamorata.it\/wp-content\/uploads\/2026\/01\/leggenda11-300x225.jpg 300w, https:\/\/www.villaggioinnamorata.it\/wp-content\/uploads\/2026\/01\/leggenda11-768x576.jpg 768w\" sizes=\"(max-width: 800px) 100vw, 800px\" \/>\t\t\t\t\t\t\t\t\t\t\t\t\t\t\t<\/div>\n\t\t\t\t<div class=\"elementor-element elementor-element-6a31ebc elementor-widget elementor-widget-image\" data-id=\"6a31ebc\" data-element_type=\"widget\" data-e-type=\"widget\" data-widget_type=\"image.default\">\n\t\t\t\t\t\t\t\t\t\t\t\t\t\t\t<img loading=\"lazy\" decoding=\"async\" width=\"800\" height=\"600\" src=\"https:\/\/www.villaggioinnamorata.it\/wp-content\/uploads\/2026\/01\/leggenda6.jpg\" class=\"attachment-large size-large wp-image-1550\" alt=\"\" srcset=\"https:\/\/www.villaggioinnamorata.it\/wp-content\/uploads\/2026\/01\/leggenda6.jpg 800w, https:\/\/www.villaggioinnamorata.it\/wp-content\/uploads\/2026\/01\/leggenda6-300x225.jpg 300w, https:\/\/www.villaggioinnamorata.it\/wp-content\/uploads\/2026\/01\/leggenda6-768x576.jpg 768w\" sizes=\"(max-width: 800px) 100vw, 800px\" \/>\t\t\t\t\t\t\t\t\t\t\t\t\t\t\t<\/div>\n\t\t\t\t<div class=\"elementor-element elementor-element-6a44b33 elementor-widget elementor-widget-image\" data-id=\"6a44b33\" data-element_type=\"widget\" data-e-type=\"widget\" data-widget_type=\"image.default\">\n\t\t\t\t\t\t\t\t\t\t\t\t\t\t\t<img loading=\"lazy\" decoding=\"async\" width=\"800\" height=\"600\" src=\"https:\/\/www.villaggioinnamorata.it\/wp-content\/uploads\/2026\/01\/leggenda15.jpg\" class=\"attachment-large size-large wp-image-1557\" alt=\"\" srcset=\"https:\/\/www.villaggioinnamorata.it\/wp-content\/uploads\/2026\/01\/leggenda15.jpg 800w, https:\/\/www.villaggioinnamorata.it\/wp-content\/uploads\/2026\/01\/leggenda15-300x225.jpg 300w, https:\/\/www.villaggioinnamorata.it\/wp-content\/uploads\/2026\/01\/leggenda15-768x576.jpg 768w\" sizes=\"(max-width: 800px) 100vw, 800px\" \/>\t\t\t\t\t\t\t\t\t\t\t\t\t\t\t<\/div>\n\t\t\t\t<\/div>\n\t\t\t\t<\/div>\n\t\t\t\t\t<\/div>\n\t\t\t\t<\/div>\n\t\t<div class=\"elementor-element elementor-element-38192ce e-con-full e-flex e-con e-parent\" data-id=\"38192ce\" data-element_type=\"container\" data-e-type=\"container\" data-settings=\"{&quot;background_background&quot;:&quot;video&quot;,&quot;background_video_link&quot;:&quot;http:\\\/\\\/www.villaggioinnamorata.it\\\/wp-content\\\/uploads\\\/2026\\\/01\\\/videomare.mp4&quot;,&quot;background_play_on_mobile&quot;:&quot;yes&quot;}\">\n\t\t<div class=\"elementor-background-video-container\">\n\t\t\t\t\t\t\t<video class=\"elementor-background-video-hosted\" role=\"presentation\" autoplay muted playsinline loop><\/video>\n\t\t\t\t\t<\/div><div class=\"elementor-element elementor-element-2804226 e-con-full e-flex e-con e-child\" data-id=\"2804226\" data-element_type=\"container\" data-e-type=\"container\">\n\t\t\t\t<div class=\"elementor-element elementor-element-a18b756 elementor-invisible elementor-widget elementor-widget-text-editor\" data-id=\"a18b756\" data-element_type=\"widget\" data-e-type=\"widget\" data-settings=\"{&quot;_animation&quot;:&quot;fadeInUp&quot;,&quot;_animation_delay&quot;:200}\" data-widget_type=\"text-editor.default\">\n\t\t\t\t\t\t\t\t\t<p>L\u00e0 o\u00f9 la mer rencontre le mythe et o\u00f9 chaque coucher de soleil est une promesse d&rsquo;amour.<\/p>\t\t\t\t\t\t\t\t<\/div>\n\t\t<div class=\"elementor-element elementor-element-b831006 e-con-full e-flex e-con e-child\" data-id=\"b831006\" data-element_type=\"container\" data-e-type=\"container\">\n\t\t\t\t<div class=\"elementor-element elementor-element-bc21854 elementor-widget__width-auto elementor-widget elementor-widget-button\" data-id=\"bc21854\" data-element_type=\"widget\" data-e-type=\"widget\" data-widget_type=\"button.default\">\n\t\t\t\t\t\t\t\t\t\t<a class=\"elementor-button elementor-button-link elementor-size-sm\" href=\"https:\/\/booking.ericsoft.com\/BookingEngine\/Book?idh=7037B075FFD4BB82&#038;lang=it&#038;cur=EUR&#038;arrival=2019-04-18&#038;departure=2019-04-19&#038;pax=2_0_0_0&#038;acmp=RT0\" target=\"_blank\" rel=\"nofollow noopener\">\n\t\t\t\t\t\t<span class=\"elementor-button-content-wrapper\">\n\t\t\t\t\t\t\t\t\t<span class=\"elementor-button-text\">R\u00e9servez d\u00e8s maintenant<\/span>\n\t\t\t\t\t<\/span>\n\t\t\t\t\t<\/a>\n\t\t\t\t\t\t\t\t<\/div>\n\t\t\t\t<div class=\"elementor-element elementor-element-a8c8db5 elementor-widget__width-auto elementor-widget elementor-widget-button\" data-id=\"a8c8db5\" data-element_type=\"widget\" data-e-type=\"widget\" data-widget_type=\"button.default\">\n\t\t\t\t\t\t\t\t\t\t<a class=\"elementor-button elementor-button-link elementor-size-sm\" href=\"https:\/\/booking.ericsoft.com\/BookingEngine\/Book?idh=7037B075FFD4BB82&#038;lang=it&#038;cur=EUR&#038;arrival=2019-04-18&#038;departure=2019-04-19&#038;pax=2_0_0_0&#038;acmp=RT0\" target=\"_blank\" rel=\"nofollow noopener\">\n\t\t\t\t\t\t<span class=\"elementor-button-content-wrapper\">\n\t\t\t\t\t\t<span class=\"elementor-button-icon\">\n\t\t\t\t<svg aria-hidden=\"true\" class=\"e-font-icon-svg e-fas-phone-alt\" viewBox=\"0 0 512 512\" xmlns=\"http:\/\/www.w3.org\/2000\/svg\"><path d=\"M497.39 361.8l-112-48a24 24 0 0 0-28 6.9l-49.6 60.6A370.66 370.66 0 0 1 130.6 204.11l60.6-49.6a23.94 23.94 0 0 0 6.9-28l-48-112A24.16 24.16 0 0 0 122.6.61l-104 24A24 24 0 0 0 0 48c0 256.5 207.9 464 464 464a24 24 0 0 0 23.4-18.6l24-104a24.29 24.29 0 0 0-14.01-27.6z\"><\/path><\/svg>\t\t\t<\/span>\n\t\t\t\t\t\t\t\t\t<span class=\"elementor-button-text\">Appelez-nous<\/span>\n\t\t\t\t\t<\/span>\n\t\t\t\t\t<\/a>\n\t\t\t\t\t\t\t\t<\/div>\n\t\t\t\t<\/div>\n\t\t\t\t<\/div>\n\t\t\t\t<\/div>\n\t\t\t\t<\/div>\n\t\t","protected":false},"excerpt":{"rendered":"<p>La l\u00e9gende La l\u00e9gende de l&rsquo;Innamorata \u00ab\u00a0C&rsquo;\u00e9tait en 1534, les c\u00f4tes de l&rsquo;\u00eele d&rsquo;Elbe \u00e9taient pill\u00e9es par le pirate Barberousse et ses Sarrasins, mais cela importait peu \u00e0 deux jeunes amoureux comme Lorenzo et Maria. Cet apr\u00e8s-midi-l\u00e0, c&rsquo;\u00e9tait le 14 juillet, Lorenzo arriva t\u00f4t sur la plage, Maria, du haut du sentier, erra \u00e0 la [&hellip;]<\/p>\n","protected":false},"author":1,"featured_media":0,"parent":0,"menu_order":0,"comment_status":"closed","ping_status":"closed","template":"","meta":{"footnotes":""},"class_list":["post-1542","page","type-page","status-publish","hentry"],"_links":{"self":[{"href":"https:\/\/www.villaggioinnamorata.it\/fr\/wp-json\/wp\/v2\/pages\/1542","targetHints":{"allow":["GET"]}}],"collection":[{"href":"https:\/\/www.villaggioinnamorata.it\/fr\/wp-json\/wp\/v2\/pages"}],"about":[{"href":"https:\/\/www.villaggioinnamorata.it\/fr\/wp-json\/wp\/v2\/types\/page"}],"author":[{"embeddable":true,"href":"https:\/\/www.villaggioinnamorata.it\/fr\/wp-json\/wp\/v2\/users\/1"}],"replies":[{"embeddable":true,"href":"https:\/\/www.villaggioinnamorata.it\/fr\/wp-json\/wp\/v2\/comments?post=1542"}],"version-history":[{"count":3,"href":"https:\/\/www.villaggioinnamorata.it\/fr\/wp-json\/wp\/v2\/pages\/1542\/revisions"}],"predecessor-version":[{"id":1569,"href":"https:\/\/www.villaggioinnamorata.it\/fr\/wp-json\/wp\/v2\/pages\/1542\/revisions\/1569"}],"wp:attachment":[{"href":"https:\/\/www.villaggioinnamorata.it\/fr\/wp-json\/wp\/v2\/media?parent=1542"}],"curies":[{"name":"wp","href":"https:\/\/api.w.org\/{rel}","templated":true}]}}