{"id":1489,"date":"2026-01-22T23:21:05","date_gmt":"2026-01-22T23:21:05","guid":{"rendered":"https:\/\/www.villaggioinnamorata.it\/comment-sy-rendre\/"},"modified":"2026-01-30T14:23:03","modified_gmt":"2026-01-30T14:23:03","slug":"comment-sy-rendre","status":"publish","type":"page","link":"https:\/\/www.villaggioinnamorata.it\/fr\/comment-sy-rendre\/","title":{"rendered":"Comment s&rsquo;y rendre"},"content":{"rendered":"\t\t<div data-elementor-type=\"wp-page\" data-elementor-id=\"1489\" class=\"elementor elementor-1489 elementor-636\" data-elementor-post-type=\"page\">\n\t\t\t\t<div class=\"elementor-element elementor-element-2660aeb e-flex e-con-boxed e-con e-parent\" data-id=\"2660aeb\" data-element_type=\"container\" data-e-type=\"container\" data-settings=\"{&quot;background_background&quot;:&quot;classic&quot;}\">\n\t\t\t\t\t<div class=\"e-con-inner\">\n\t\t\t\t<div class=\"elementor-element elementor-element-09da4dc elementor-invisible elementor-widget elementor-widget-heading\" data-id=\"09da4dc\" data-element_type=\"widget\" data-e-type=\"widget\" data-settings=\"{&quot;_animation&quot;:&quot;slideInUp&quot;}\" data-widget_type=\"heading.default\">\n\t\t\t\t\t<h1 class=\"elementor-heading-title elementor-size-default\">Comment s'y rendre<\/h1>\t\t\t\t<\/div>\n\t\t\t\t\t<\/div>\n\t\t\t\t<\/div>\n\t\t<div class=\"elementor-element elementor-element-c737de3 e-flex e-con-boxed e-con e-parent\" data-id=\"c737de3\" data-element_type=\"container\" data-e-type=\"container\">\n\t\t\t\t\t<div class=\"e-con-inner\">\n\t\t\t\t<div class=\"elementor-element elementor-element-63b74ae elementor-widget elementor-widget-heading\" data-id=\"63b74ae\" data-element_type=\"widget\" data-e-type=\"widget\" data-widget_type=\"heading.default\">\n\t\t\t\t\t<h2 class=\"elementor-heading-title elementor-size-default\">Comment se rendre \u00e0 l'\u00eele d'Elbe<\/h2>\t\t\t\t<\/div>\n\t\t\t\t<div class=\"elementor-element elementor-element-e9d86c9 elementor-widget elementor-widget-text-editor\" data-id=\"e9d86c9\" data-element_type=\"widget\" data-e-type=\"widget\" data-widget_type=\"text-editor.default\">\n\t\t\t\t\t\t\t\t\t<p>L&rsquo;\u00eele d&rsquo;Elbe est la troisi\u00e8me plus grande \u00eele italienne et la plus grande de ses s\u0153urs de l&rsquo;archipel toscan. Sur 223 km\u00b2 de superficie et 147 km de c\u00f4tes, vous trouverez non seulement une mer tout simplement splendide, mais aussi de nombreuses activit\u00e9s. <b>Mais comment s&rsquo;y rendre<\/b>? <\/p>\t\t\t\t\t\t\t\t<\/div>\n\t\t<div class=\"elementor-element elementor-element-79b019e e-con-full e-flex e-con e-child\" data-id=\"79b019e\" data-element_type=\"container\" data-e-type=\"container\">\n\t\t<div class=\"elementor-element elementor-element-0addbb3 e-con-full e-flex e-con e-child\" data-id=\"0addbb3\" data-element_type=\"container\" data-e-type=\"container\">\n\t\t\t\t<div class=\"elementor-element elementor-element-dc20c95 elementor-widget elementor-widget-heading\" data-id=\"dc20c95\" data-element_type=\"widget\" data-e-type=\"widget\" data-widget_type=\"heading.default\">\n\t\t\t\t\t<h3 class=\"elementor-heading-title elementor-size-default\">En voiture<\/h3>\t\t\t\t<\/div>\n\t\t\t\t<div class=\"elementor-element elementor-element-a8a30ce elementor-widget elementor-widget-text-editor\" data-id=\"a8a30ce\" data-element_type=\"widget\" data-e-type=\"widget\" data-widget_type=\"text-editor.default\">\n\t\t\t\t\t\t\t\t\t<p><b>DU NORD :<\/b> Autoroute A12 G\u00eanes-Livourne, gardez la gauche *Grosseto-Rome*. A la fin de l&rsquo;autoroute, continuez sur la SS 1 Via Aurelia (SS 1) jusqu&rsquo;\u00e0 la sortie <b>Venturina-Piombino-Sardegna-Elba<\/b>. <\/p><p><b><br>EN VENANT DU<\/b> <b>SUD :<\/b> Depuis Civitavecchia, suivez la route SS 1 Via Aurelia (SS 1) jusqu&rsquo;\u00e0 la sortie <b>Vignale-Riotorto<\/b>.<\/p>\t\t\t\t\t\t\t\t<\/div>\n\t\t\t\t<div class=\"elementor-element elementor-element-55ba0ba elementor-widget__width-auto elementor-widget elementor-widget-button\" data-id=\"55ba0ba\" data-element_type=\"widget\" data-e-type=\"widget\" data-widget_type=\"button.default\">\n\t\t\t\t\t\t\t\t\t\t<a class=\"elementor-button elementor-button-link elementor-size-sm\" href=\"https:\/\/www.waze.com\/\" target=\"_blank\" rel=\"nofollow noopener\">\n\t\t\t\t\t\t<span class=\"elementor-button-content-wrapper\">\n\t\t\t\t\t\t<span class=\"elementor-button-icon\">\n\t\t\t\t<svg aria-hidden=\"true\" class=\"e-font-icon-svg e-fas-arrow-right\" viewBox=\"0 0 448 512\" xmlns=\"http:\/\/www.w3.org\/2000\/svg\"><path d=\"M190.5 66.9l22.2-22.2c9.4-9.4 24.6-9.4 33.9 0L441 239c9.4 9.4 9.4 24.6 0 33.9L246.6 467.3c-9.4 9.4-24.6 9.4-33.9 0l-22.2-22.2c-9.5-9.5-9.3-25 .4-34.3L311.4 296H24c-13.3 0-24-10.7-24-24v-32c0-13.3 10.7-24 24-24h287.4L190.9 101.2c-9.8-9.3-10-24.8-.4-34.3z\"><\/path><\/svg>\t\t\t<\/span>\n\t\t\t\t\t\t\t\t\t<span class=\"elementor-button-text\">Suivez le meilleur itin\u00e9raire<\/span>\n\t\t\t\t\t<\/span>\n\t\t\t\t\t<\/a>\n\t\t\t\t\t\t\t\t<\/div>\n\t\t\t\t<div class=\"elementor-element elementor-element-9be33fe elementor-widget elementor-widget-heading\" data-id=\"9be33fe\" data-element_type=\"widget\" data-e-type=\"widget\" data-widget_type=\"heading.default\">\n\t\t\t\t\t<h3 class=\"elementor-heading-title elementor-size-default\">En train\n<\/h3>\t\t\t\t<\/div>\n\t\t\t\t<div class=\"elementor-element elementor-element-2e9ea71 elementor-widget elementor-widget-text-editor\" data-id=\"2e9ea71\" data-element_type=\"widget\" data-e-type=\"widget\" data-widget_type=\"text-editor.default\">\n\t\t\t\t\t\t\t\t\t<p>La gare d&rsquo;arriv\u00e9e est Piombino Marittima.<\/p>\t\t\t\t\t\t\t\t<\/div>\n\t\t\t\t<div class=\"elementor-element elementor-element-a6b5c7b elementor-widget__width-auto elementor-widget elementor-widget-button\" data-id=\"a6b5c7b\" data-element_type=\"widget\" data-e-type=\"widget\" data-widget_type=\"button.default\">\n\t\t\t\t\t\t\t\t\t\t<a class=\"elementor-button elementor-button-link elementor-size-sm\" href=\"http:\/\/www.trenitalia.com\/\" target=\"_blank\" rel=\"nofollow noopener\">\n\t\t\t\t\t\t<span class=\"elementor-button-content-wrapper\">\n\t\t\t\t\t\t<span class=\"elementor-button-icon\">\n\t\t\t\t<svg aria-hidden=\"true\" class=\"e-font-icon-svg e-fas-arrow-right\" viewBox=\"0 0 448 512\" xmlns=\"http:\/\/www.w3.org\/2000\/svg\"><path d=\"M190.5 66.9l22.2-22.2c9.4-9.4 24.6-9.4 33.9 0L441 239c9.4 9.4 9.4 24.6 0 33.9L246.6 467.3c-9.4 9.4-24.6 9.4-33.9 0l-22.2-22.2c-9.5-9.5-9.3-25 .4-34.3L311.4 296H24c-13.3 0-24-10.7-24-24v-32c0-13.3 10.7-24 24-24h287.4L190.9 101.2c-9.8-9.3-10-24.8-.4-34.3z\"><\/path><\/svg>\t\t\t<\/span>\n\t\t\t\t\t\t\t\t\t<span class=\"elementor-button-text\">r\u00e9server le train<\/span>\n\t\t\t\t\t<\/span>\n\t\t\t\t\t<\/a>\n\t\t\t\t\t\t\t\t<\/div>\n\t\t\t\t<\/div>\n\t\t<div class=\"elementor-element elementor-element-507c7ab e-con-full e-flex e-con e-child\" data-id=\"507c7ab\" data-element_type=\"container\" data-e-type=\"container\">\n\t\t\t\t<div class=\"elementor-element elementor-element-ce71c9c elementor-widget elementor-widget-heading\" data-id=\"ce71c9c\" data-element_type=\"widget\" data-e-type=\"widget\" data-widget_type=\"heading.default\">\n\t\t\t\t\t<h3 class=\"elementor-heading-title elementor-size-default\">Par avion\n\n<\/h3>\t\t\t\t<\/div>\n\t\t\t\t<div class=\"elementor-element elementor-element-fc79419 elementor-widget elementor-widget-text-editor\" data-id=\"fc79419\" data-element_type=\"widget\" data-e-type=\"widget\" data-widget_type=\"text-editor.default\">\n\t\t\t\t\t\t\t\t\t<p><b>Depuis l&rsquo;a\u00e9roport de Pise<\/b>, il est possible de rejoindre le port de Piombino en 1 heure environ avec le service de bus Gran Turismo ou en louant une voiture ou en rejoignant la gare ferroviaire avec la <b>ligne rouge LAM <\/b>en 15 minutes environ.<br>Il est possible de prendre l&rsquo;avion pour retourner \u00e0 l&rsquo;a\u00e9roport de l&rsquo;\u00eele d&rsquo;Elbe.<\/p><p><b>Depuis l&rsquo;a\u00e9roport de Rome Fiumicino<\/b>, vous pouvez rejoindre le port de Piombino en 2 heures et 30 minutes environ en louant une voiture.<br><strong><br>Des vols directs vers l&rsquo;a\u00e9roport de l&rsquo;\u00eele d&rsquo;Elbe en provenance de villes italiennes et europ\u00e9ennes sont \u00e9galement disponibles<\/strong> <a href=\"https:\/\/www.elbaisland-airport.it\/\" target=\"_blank\" rel=\"nofollow noopener\">https:\/\/www.elbaisland-airport.it\/.<\/a><\/p><p>Le village d&rsquo;Innamorata est accessible en 40 minutes environ <a href=\"http:\/\/www.elbabycar.com\/\" target=\"_blank\" rel=\"noopener\">en louant une voiture<\/a> ou en <a href=\"https:\/\/www.elbaservizi.it\/index.php\" target=\"_blank\" rel=\"noopener\">taxi<\/a>.<\/p>\t\t\t\t\t\t\t\t<\/div>\n\t\t\t\t<\/div>\n\t\t<div class=\"elementor-element elementor-element-09c49f9 e-con-full e-flex e-con e-child\" data-id=\"09c49f9\" data-element_type=\"container\" data-e-type=\"container\">\n\t\t\t\t<div class=\"elementor-element elementor-element-40e9e53 elementor-widget elementor-widget-heading\" data-id=\"40e9e53\" data-element_type=\"widget\" data-e-type=\"widget\" data-widget_type=\"heading.default\">\n\t\t\t\t\t<h3 class=\"elementor-heading-title elementor-size-default\">Par ferry\n<\/h3>\t\t\t\t<\/div>\n\t\t\t\t<div class=\"elementor-element elementor-element-98adad2 elementor-widget elementor-widget-text-editor\" data-id=\"98adad2\" data-element_type=\"widget\" data-e-type=\"widget\" data-widget_type=\"text-editor.default\">\n\t\t\t\t\t\t\t\t\t<p>Au d\u00e9part de Piombino, les compagnies maritimes assurent un transport toutes les heures environ. La travers\u00e9e dure environ 75 minutes.<br>Sur notre site, vous pouvez effectuer rapidement une r\u00e9servation pour les ferries <b>Moby<\/b> et <span class=\"SpellE\"><b>Toremar<\/b><\/span>avec paiement par carte de cr\u00e9dit. <\/p><p> <a href=\"https:\/\/www.traghettilines.it\/it\/traghetti-isola-d-elba.aspx?AID=94953&amp;mailreferer=true\" target=\"_blank\" rel=\"noopener shadowbox;height=635;width=608\">R\u00c9SERVEZ D\u00c8S MAINTENANT <\/a>!<\/p><p>Vous pouvez \u00e9galement r\u00e9server <a href=\"https:\/\/blunavytraghetti.com\/\" target=\"_blank\" rel=\"noopener\">Blunavy<\/a> ici apr\u00e8s avoir demand\u00e9 un code de r\u00e9duction personnalis\u00e9, ou nous pouvons nous charger de la r\u00e9servation (en coop\u00e9ration avec l&rsquo;agence Ilva).<\/p><p>Renseignements au 0565.939104 ou <a href=\"mailto:info@villaggioinnamorata.it\">INFO@villaggioinnamorata.it<\/a><\/p>\t\t\t\t\t\t\t\t<\/div>\n\t\t\t\t<\/div>\n\t\t\t\t<\/div>\n\t\t\t\t\t<\/div>\n\t\t\t\t<\/div>\n\t\t<div class=\"elementor-element elementor-element-8ef2e6f e-flex e-con-boxed e-con e-parent\" data-id=\"8ef2e6f\" data-element_type=\"container\" data-e-type=\"container\" data-settings=\"{&quot;background_background&quot;:&quot;classic&quot;}\">\n\t\t\t\t\t<div class=\"e-con-inner\">\n\t\t\t\t<div class=\"elementor-element elementor-element-47cf0ac elementor-widget elementor-widget-heading\" data-id=\"47cf0ac\" data-element_type=\"widget\" data-e-type=\"widget\" data-widget_type=\"heading.default\">\n\t\t\t\t\t<h2 class=\"elementor-heading-title elementor-size-default\">Comment se rendre au Village<\/h2>\t\t\t\t<\/div>\n\t\t\t\t<div class=\"elementor-element elementor-element-c36ae61 elementor-widget elementor-widget-text-editor\" data-id=\"c36ae61\" data-element_type=\"widget\" data-e-type=\"widget\" data-widget_type=\"text-editor.default\">\n\t\t\t\t\t\t\t\t\t<p>De Portoferraio<\/p>\t\t\t\t\t\t\t\t<\/div>\n\t\t<div class=\"elementor-element elementor-element-e8eb4ad e-con-full e-flex e-con e-child\" data-id=\"e8eb4ad\" data-element_type=\"container\" data-e-type=\"container\">\n\t\t<div class=\"elementor-element elementor-element-a38f171 e-con-full e-flex e-con e-child\" data-id=\"a38f171\" data-element_type=\"container\" data-e-type=\"container\">\n\t\t\t\t<div class=\"elementor-element elementor-element-081501a elementor-widget elementor-widget-text-editor\" data-id=\"081501a\" data-element_type=\"widget\" data-e-type=\"widget\" data-widget_type=\"text-editor.default\">\n\t\t\t\t\t\t\t\t\t<div id=\"single_tour_desc\" class=\"col-lg-8\"><p>Suivre les indications pour Porto Azzurro &#8211; Capoliveri. Suivre la route provinciale pendant environ 10 km, jusqu&rsquo;aux feux de signalisation de Mola. Tournez \u00e0 droite, direction Capoliveri. Une fois \u00e0 Capoliveri, parcourez le p\u00e9riph\u00e9rique en suivant les indications pour les plages de Morcone &#8211; Pareti &#8211; Innamorata, pendant environ 4 km. En arrivant \u00e0 Innamorata, environ 100 m. avant la plage, vous verrez le parking de notre Village sur votre gauche et l&rsquo;entr\u00e9e et les indications pour la R\u00e9ception sur votre droite (environ 100 m. du parking).     <\/p><\/div><aside class=\"col-lg-4\"><div class=\"box_style_1 expose\"> <\/div><\/aside>\t\t\t\t\t\t\t\t<\/div>\n\t\t\t\t<\/div>\n\t\t\t\t<\/div>\n\t\t\t\t\t<\/div>\n\t\t\t\t<\/div>\n\t\t<div class=\"elementor-element elementor-element-cd9bdfe e-con-full e-flex e-con e-parent\" data-id=\"cd9bdfe\" data-element_type=\"container\" data-e-type=\"container\">\n\t\t\t\t<div class=\"elementor-element elementor-element-eb9e773 elementor-widget elementor-widget-google_maps\" data-id=\"eb9e773\" data-element_type=\"widget\" data-e-type=\"widget\" data-widget_type=\"google_maps.default\">\n\t\t\t\t\t\t\t<div class=\"elementor-custom-embed\">\n\t\t\t<iframe loading=\"lazy\"\n\t\t\t\t\tsrc=\"https:\/\/maps.google.com\/maps?q=villaggio%20innamorata%20isola%20elba&#038;t=m&#038;z=17&#038;output=embed&#038;iwloc=near\"\n\t\t\t\t\ttitle=\"villaggio innamorata isola elba\"\n\t\t\t\t\taria-label=\"villaggio innamorata isola elba\"\n\t\t\t><\/iframe>\n\t\t<\/div>\n\t\t\t\t\t\t<\/div>\n\t\t\t\t<\/div>\n\t\t\t\t<\/div>\n\t\t","protected":false},"excerpt":{"rendered":"<p>Comment s&rsquo;y rendre Comment se rendre \u00e0 l&rsquo;\u00eele d&rsquo;Elbe L&rsquo;\u00eele d&rsquo;Elbe est la troisi\u00e8me plus grande \u00eele italienne et la plus grande de ses s\u0153urs de l&rsquo;archipel toscan. Sur 223 km\u00b2 de superficie et 147 km de c\u00f4tes, vous trouverez non seulement une mer tout simplement splendide, mais aussi de nombreuses activit\u00e9s. Mais comment s&rsquo;y [&hellip;]<\/p>\n","protected":false},"author":1,"featured_media":0,"parent":0,"menu_order":0,"comment_status":"closed","ping_status":"closed","template":"","meta":{"footnotes":""},"class_list":["post-1489","page","type-page","status-publish","hentry"],"_links":{"self":[{"href":"https:\/\/www.villaggioinnamorata.it\/fr\/wp-json\/wp\/v2\/pages\/1489","targetHints":{"allow":["GET"]}}],"collection":[{"href":"https:\/\/www.villaggioinnamorata.it\/fr\/wp-json\/wp\/v2\/pages"}],"about":[{"href":"https:\/\/www.villaggioinnamorata.it\/fr\/wp-json\/wp\/v2\/types\/page"}],"author":[{"embeddable":true,"href":"https:\/\/www.villaggioinnamorata.it\/fr\/wp-json\/wp\/v2\/users\/1"}],"replies":[{"embeddable":true,"href":"https:\/\/www.villaggioinnamorata.it\/fr\/wp-json\/wp\/v2\/comments?post=1489"}],"version-history":[{"count":1,"href":"https:\/\/www.villaggioinnamorata.it\/fr\/wp-json\/wp\/v2\/pages\/1489\/revisions"}],"predecessor-version":[{"id":1494,"href":"https:\/\/www.villaggioinnamorata.it\/fr\/wp-json\/wp\/v2\/pages\/1489\/revisions\/1494"}],"wp:attachment":[{"href":"https:\/\/www.villaggioinnamorata.it\/fr\/wp-json\/wp\/v2\/media?parent=1489"}],"curies":[{"name":"wp","href":"https:\/\/api.w.org\/{rel}","templated":true}]}}