{"id":1735,"date":"2026-01-23T14:02:50","date_gmt":"2026-01-23T14:02:50","guid":{"rendered":"https:\/\/www.villaggioinnamorata.it\/restaurant\/"},"modified":"2026-01-30T14:29:42","modified_gmt":"2026-01-30T14:29:42","slug":"restaurant","status":"publish","type":"page","link":"https:\/\/www.villaggioinnamorata.it\/de\/restaurant\/","title":{"rendered":"Restaurant"},"content":{"rendered":"\t\t<div data-elementor-type=\"wp-page\" data-elementor-id=\"1735\" class=\"elementor elementor-1735 elementor-787\" data-elementor-post-type=\"page\">\n\t\t\t\t<div class=\"elementor-element elementor-element-95deb47 e-flex e-con-boxed e-con e-parent\" data-id=\"95deb47\" data-element_type=\"container\" data-e-type=\"container\" data-settings=\"{&quot;background_background&quot;:&quot;classic&quot;}\">\n\t\t\t\t\t<div class=\"e-con-inner\">\n\t\t\t\t<div class=\"elementor-element elementor-element-fe54b37 elementor-invisible elementor-widget elementor-widget-heading\" data-id=\"fe54b37\" data-element_type=\"widget\" data-e-type=\"widget\" data-settings=\"{&quot;_animation&quot;:&quot;slideInUp&quot;}\" data-widget_type=\"heading.default\">\n\t\t\t\t\t<h1 class=\"elementor-heading-title elementor-size-default\">Restaurant Lo Scial\u00e0<\/h1>\t\t\t\t<\/div>\n\t\t\t\t\t<\/div>\n\t\t\t\t<\/div>\n\t\t<div class=\"elementor-element elementor-element-56cf059 e-flex e-con-boxed e-con e-parent\" data-id=\"56cf059\" data-element_type=\"container\" data-e-type=\"container\">\n\t\t\t\t\t<div class=\"e-con-inner\">\n\t\t\t\t<div class=\"elementor-element elementor-element-c8876b5 elementor-widget elementor-widget-heading\" data-id=\"c8876b5\" data-element_type=\"widget\" data-e-type=\"widget\" data-widget_type=\"heading.default\">\n\t\t\t\t\t<h2 class=\"elementor-heading-title elementor-size-default\">Ausgezeichnete Gerichte am Meer genossen\n<\/h2>\t\t\t\t<\/div>\n\t\t\t\t<div class=\"elementor-element elementor-element-56f53b9 elementor-widget elementor-widget-text-editor\" data-id=\"56f53b9\" data-element_type=\"widget\" data-e-type=\"widget\" data-widget_type=\"text-editor.default\">\n\t\t\t\t\t\t\t\t\t<p>Das Restaurant mit Blick auf den Strand ist das wahre Herz des Village. Wer die Hotelleistungen \u00dcbernachtung mit Fr\u00fchst\u00fcck, Halbpension oder Vollpension bucht, findet hier ein reichhaltiges Fr\u00fchst\u00fccksbuffet und Mahlzeiten, die am Tisch serviert werden, sowie eine Auswahl an Men\u00fcs \u00e0 la carte. <\/p>\t\t\t\t\t\t\t\t<\/div>\n\t\t<div class=\"elementor-element elementor-element-69518de e-con-full e-flex e-con e-child\" data-id=\"69518de\" data-element_type=\"container\" data-e-type=\"container\">\n\t\t<div class=\"elementor-element elementor-element-f9a0fd8 e-con-full e-flex e-con e-child\" data-id=\"f9a0fd8\" data-element_type=\"container\" data-e-type=\"container\">\n\t\t\t\t<div class=\"elementor-element elementor-element-d219a88 elementor-widget elementor-widget-text-editor\" data-id=\"d219a88\" data-element_type=\"widget\" data-e-type=\"widget\" data-widget_type=\"text-editor.default\">\n\t\t\t\t\t\t\t\t\t<p>Das Restaurant steht auch den G\u00e4sten der Residenz zur Verf\u00fcgung.<\/p><p>Die K\u00fcche bietet exquisite Gerichte vom Land und aus dem Meer, warme gef\u00fcllte Focaccias zum Mittagessen und ausgezeichnete Pizza zum Abendessen.<\/p><p>Ge\u00f6ffnet zum Mittag- und Abendessen w\u00e4hrend der gesamten \u00d6ffnungszeit.<\/p>\t\t\t\t\t\t\t\t<\/div>\n\t\t\t\t<div class=\"elementor-element elementor-element-663ace2 elementor-widget__width-auto elementor-widget elementor-widget-button\" data-id=\"663ace2\" data-element_type=\"widget\" data-e-type=\"widget\" data-widget_type=\"button.default\">\n\t\t\t\t\t\t\t\t\t\t<a class=\"elementor-button elementor-button-link elementor-size-sm\" href=\"https:\/\/www.isoladelba.restaurant\/sciala\/\" target=\"_blank\" rel=\"nofollow noopener\">\n\t\t\t\t\t\t<span class=\"elementor-button-content-wrapper\">\n\t\t\t\t\t\t\t\t\t<span class=\"elementor-button-text\">Entdecken Sie das Men\u00fc<\/span>\n\t\t\t\t\t<\/span>\n\t\t\t\t\t<\/a>\n\t\t\t\t\t\t\t\t<\/div>\n\t\t\t\t<div class=\"elementor-element elementor-element-a76418b elementor-widget elementor-widget-heading\" data-id=\"a76418b\" data-element_type=\"widget\" data-e-type=\"widget\" data-widget_type=\"heading.default\">\n\t\t\t\t\t<h2 class=\"elementor-heading-title elementor-size-default\">Lo Scial\u00e0<\/h2>\t\t\t\t<\/div>\n\t\t\t\t<div class=\"elementor-element elementor-element-baeeb37 elementor-widget elementor-widget-text-editor\" data-id=\"baeeb37\" data-element_type=\"widget\" data-e-type=\"widget\" data-widget_type=\"text-editor.default\">\n\t\t\t\t\t\t\t\t\t<p>Im letzten Jahrhundert wurde Eisenmaterial aus den nahe gelegenen Minen von Vallone und Ginevro auf Schiffe verladen und vom Innamorata-Strand, der in der Antike als &#8218;cala de lo fero&#8216; bekannt war, zu den Gie\u00dfereien auf dem Festland gebracht.<\/p><p>Die &#8217;scial\u00e0&#8216; waren die eisernen Karren, die f\u00fcr den Transport von Mineralien verwendet wurden, und dies ist der Name, der f\u00fcr das Hauptrestaurant des Dorfes gew\u00e4hlt wurde, ein Name, der die Neugier der G\u00e4ste wecken kann, damit auch sie die bewegende Geschichte unseres Landes kennen und lieben lernen. Ein kurzer Spaziergang vom Restaurant entfernt beginnt eine der Wanderrouten zum Minenmuseum. <\/p>\t\t\t\t\t\t\t\t<\/div>\n\t\t\t\t<div class=\"elementor-element elementor-element-4703501 elementor-widget__width-auto elementor-widget elementor-widget-button\" data-id=\"4703501\" data-element_type=\"widget\" data-e-type=\"widget\" data-widget_type=\"button.default\">\n\t\t\t\t\t\t\t\t\t\t<a class=\"elementor-button elementor-button-link elementor-size-sm\" href=\"tel:+390565939101\" target=\"_blank\" rel=\"nofollow\">\n\t\t\t\t\t\t<span class=\"elementor-button-content-wrapper\">\n\t\t\t\t\t\t\t\t\t<span class=\"elementor-button-text\">Rufen Sie jetzt an: 0565 939101<\/span>\n\t\t\t\t\t<\/span>\n\t\t\t\t\t<\/a>\n\t\t\t\t\t\t\t\t<\/div>\n\t\t\t\t<\/div>\n\t\t<div class=\"elementor-element elementor-element-a1c6091 e-con-full e-flex e-con e-child\" data-id=\"a1c6091\" data-element_type=\"container\" data-e-type=\"container\">\n\t\t\t\t<div class=\"elementor-element elementor-element-b1afd58 elementor-widget elementor-widget-image\" data-id=\"b1afd58\" data-element_type=\"widget\" data-e-type=\"widget\" data-widget_type=\"image.default\">\n\t\t\t\t\t\t\t\t\t\t\t\t\t\t\t<img fetchpriority=\"high\" decoding=\"async\" width=\"1024\" height=\"768\" src=\"https:\/\/www.villaggioinnamorata.it\/wp-content\/uploads\/2026\/01\/sciala-n1.jpg\" class=\"attachment-full size-full wp-image-1738\" alt=\"\" srcset=\"https:\/\/www.villaggioinnamorata.it\/wp-content\/uploads\/2026\/01\/sciala-n1.jpg 1024w, https:\/\/www.villaggioinnamorata.it\/wp-content\/uploads\/2026\/01\/sciala-n1-300x225.jpg 300w, https:\/\/www.villaggioinnamorata.it\/wp-content\/uploads\/2026\/01\/sciala-n1-768x576.jpg 768w\" sizes=\"(max-width: 1024px) 100vw, 1024px\" \/>\t\t\t\t\t\t\t\t\t\t\t\t\t\t\t<\/div>\n\t\t\t\t<div class=\"elementor-element elementor-element-4807d5e elementor-widget elementor-widget-image\" data-id=\"4807d5e\" data-element_type=\"widget\" data-e-type=\"widget\" data-widget_type=\"image.default\">\n\t\t\t\t\t\t\t\t\t\t\t\t\t\t\t<img decoding=\"async\" width=\"800\" height=\"600\" src=\"https:\/\/www.villaggioinnamorata.it\/wp-content\/uploads\/2026\/01\/sciala-n8.jpg\" class=\"attachment-large size-large wp-image-1741\" alt=\"\" srcset=\"https:\/\/www.villaggioinnamorata.it\/wp-content\/uploads\/2026\/01\/sciala-n8.jpg 1024w, https:\/\/www.villaggioinnamorata.it\/wp-content\/uploads\/2026\/01\/sciala-n8-300x225.jpg 300w, https:\/\/www.villaggioinnamorata.it\/wp-content\/uploads\/2026\/01\/sciala-n8-768x576.jpg 768w\" sizes=\"(max-width: 800px) 100vw, 800px\" \/>\t\t\t\t\t\t\t\t\t\t\t\t\t\t\t<\/div>\n\t\t\t\t<div class=\"elementor-element elementor-element-0c26c83 elementor-widget elementor-widget-image\" data-id=\"0c26c83\" data-element_type=\"widget\" data-e-type=\"widget\" data-widget_type=\"image.default\">\n\t\t\t\t\t\t\t\t\t\t\t\t\t\t\t<img decoding=\"async\" width=\"800\" height=\"600\" src=\"https:\/\/www.villaggioinnamorata.it\/wp-content\/uploads\/2026\/01\/sciala-n3.jpg\" class=\"attachment-large size-large wp-image-1739\" alt=\"\" srcset=\"https:\/\/www.villaggioinnamorata.it\/wp-content\/uploads\/2026\/01\/sciala-n3.jpg 1024w, https:\/\/www.villaggioinnamorata.it\/wp-content\/uploads\/2026\/01\/sciala-n3-300x225.jpg 300w, https:\/\/www.villaggioinnamorata.it\/wp-content\/uploads\/2026\/01\/sciala-n3-768x576.jpg 768w\" sizes=\"(max-width: 800px) 100vw, 800px\" \/>\t\t\t\t\t\t\t\t\t\t\t\t\t\t\t<\/div>\n\t\t\t\t<\/div>\n\t\t<div class=\"elementor-element elementor-element-c1da7b0 e-con-full e-flex e-con e-child\" data-id=\"c1da7b0\" data-element_type=\"container\" data-e-type=\"container\">\n\t\t\t\t<div class=\"elementor-element elementor-element-ce42388 elementor-widget elementor-widget-image\" data-id=\"ce42388\" data-element_type=\"widget\" data-e-type=\"widget\" data-widget_type=\"image.default\">\n\t\t\t\t\t\t\t\t\t\t\t\t\t\t\t<img loading=\"lazy\" decoding=\"async\" width=\"800\" height=\"517\" src=\"https:\/\/www.villaggioinnamorata.it\/wp-content\/uploads\/2026\/01\/sciala9.jpg\" class=\"attachment-large size-large wp-image-1383\" alt=\"\" srcset=\"https:\/\/www.villaggioinnamorata.it\/wp-content\/uploads\/2026\/01\/sciala9.jpg 800w, https:\/\/www.villaggioinnamorata.it\/wp-content\/uploads\/2026\/01\/sciala9-300x194.jpg 300w, https:\/\/www.villaggioinnamorata.it\/wp-content\/uploads\/2026\/01\/sciala9-768x496.jpg 768w\" sizes=\"(max-width: 800px) 100vw, 800px\" \/>\t\t\t\t\t\t\t\t\t\t\t\t\t\t\t<\/div>\n\t\t\t\t<div class=\"elementor-element elementor-element-e07b8bd elementor-widget elementor-widget-image\" data-id=\"e07b8bd\" data-element_type=\"widget\" data-e-type=\"widget\" data-widget_type=\"image.default\">\n\t\t\t\t\t\t\t\t\t\t\t\t\t\t\t<img loading=\"lazy\" decoding=\"async\" width=\"800\" height=\"600\" src=\"https:\/\/www.villaggioinnamorata.it\/wp-content\/uploads\/2026\/01\/sciala-n6.jpg\" class=\"attachment-large size-large wp-image-1740\" alt=\"\" srcset=\"https:\/\/www.villaggioinnamorata.it\/wp-content\/uploads\/2026\/01\/sciala-n6.jpg 1024w, https:\/\/www.villaggioinnamorata.it\/wp-content\/uploads\/2026\/01\/sciala-n6-300x225.jpg 300w, https:\/\/www.villaggioinnamorata.it\/wp-content\/uploads\/2026\/01\/sciala-n6-768x576.jpg 768w\" sizes=\"(max-width: 800px) 100vw, 800px\" \/>\t\t\t\t\t\t\t\t\t\t\t\t\t\t\t<\/div>\n\t\t\t\t<div class=\"elementor-element elementor-element-71dcdd6 elementor-widget elementor-widget-image\" data-id=\"71dcdd6\" data-element_type=\"widget\" data-e-type=\"widget\" data-widget_type=\"image.default\">\n\t\t\t\t\t\t\t\t\t\t\t\t\t\t\t<img loading=\"lazy\" decoding=\"async\" width=\"800\" height=\"600\" src=\"https:\/\/www.villaggioinnamorata.it\/wp-content\/uploads\/2026\/01\/sciala-n7.jpg\" class=\"attachment-large size-large wp-image-1742\" alt=\"\" srcset=\"https:\/\/www.villaggioinnamorata.it\/wp-content\/uploads\/2026\/01\/sciala-n7.jpg 1024w, https:\/\/www.villaggioinnamorata.it\/wp-content\/uploads\/2026\/01\/sciala-n7-300x225.jpg 300w, https:\/\/www.villaggioinnamorata.it\/wp-content\/uploads\/2026\/01\/sciala-n7-768x576.jpg 768w\" sizes=\"(max-width: 800px) 100vw, 800px\" \/>\t\t\t\t\t\t\t\t\t\t\t\t\t\t\t<\/div>\n\t\t\t\t<\/div>\n\t\t\t\t<\/div>\n\t\t\t\t\t<\/div>\n\t\t\t\t<\/div>\n\t\t\t\t<\/div>\n\t\t","protected":false},"excerpt":{"rendered":"<p>Restaurant Lo Scial\u00e0 Ausgezeichnete Gerichte am Meer genossen Das Restaurant mit Blick auf den Strand ist das wahre Herz des Village. Wer die Hotelleistungen \u00dcbernachtung mit Fr\u00fchst\u00fcck, Halbpension oder Vollpension bucht, findet hier ein reichhaltiges Fr\u00fchst\u00fccksbuffet und Mahlzeiten, die am Tisch serviert werden, sowie eine Auswahl an Men\u00fcs \u00e0 la carte. Das Restaurant steht auch [&hellip;]<\/p>\n","protected":false},"author":1,"featured_media":0,"parent":0,"menu_order":0,"comment_status":"closed","ping_status":"closed","template":"","meta":{"footnotes":""},"class_list":["post-1735","page","type-page","status-publish","hentry"],"_links":{"self":[{"href":"https:\/\/www.villaggioinnamorata.it\/de\/wp-json\/wp\/v2\/pages\/1735","targetHints":{"allow":["GET"]}}],"collection":[{"href":"https:\/\/www.villaggioinnamorata.it\/de\/wp-json\/wp\/v2\/pages"}],"about":[{"href":"https:\/\/www.villaggioinnamorata.it\/de\/wp-json\/wp\/v2\/types\/page"}],"author":[{"embeddable":true,"href":"https:\/\/www.villaggioinnamorata.it\/de\/wp-json\/wp\/v2\/users\/1"}],"replies":[{"embeddable":true,"href":"https:\/\/www.villaggioinnamorata.it\/de\/wp-json\/wp\/v2\/comments?post=1735"}],"version-history":[{"count":1,"href":"https:\/\/www.villaggioinnamorata.it\/de\/wp-json\/wp\/v2\/pages\/1735\/revisions"}],"predecessor-version":[{"id":1756,"href":"https:\/\/www.villaggioinnamorata.it\/de\/wp-json\/wp\/v2\/pages\/1735\/revisions\/1756"}],"wp:attachment":[{"href":"https:\/\/www.villaggioinnamorata.it\/de\/wp-json\/wp\/v2\/media?parent=1735"}],"curies":[{"name":"wp","href":"https:\/\/api.w.org\/{rel}","templated":true}]}}