{"id":1491,"date":"2026-01-23T02:44:06","date_gmt":"2026-01-23T02:44:06","guid":{"rendered":"https:\/\/www.villaggioinnamorata.it\/die-legende\/"},"modified":"2026-01-30T14:23:04","modified_gmt":"2026-01-30T14:23:04","slug":"die-legende","status":"publish","type":"page","link":"https:\/\/www.villaggioinnamorata.it\/de\/die-legende\/","title":{"rendered":"Die Legende"},"content":{"rendered":"\t\t<div data-elementor-type=\"wp-page\" data-elementor-id=\"1491\" class=\"elementor elementor-1491 elementor-703\" data-elementor-post-type=\"page\">\n\t\t\t\t<div class=\"elementor-element elementor-element-d7b58ce e-flex e-con-boxed e-con e-parent\" data-id=\"d7b58ce\" data-element_type=\"container\" data-e-type=\"container\" data-settings=\"{&quot;background_background&quot;:&quot;classic&quot;}\">\n\t\t\t\t\t<div class=\"e-con-inner\">\n\t\t\t\t<div class=\"elementor-element elementor-element-ba529d7 elementor-invisible elementor-widget elementor-widget-heading\" data-id=\"ba529d7\" data-element_type=\"widget\" data-e-type=\"widget\" data-settings=\"{&quot;_animation&quot;:&quot;slideInUp&quot;}\" data-widget_type=\"heading.default\">\n\t\t\t\t\t<h1 class=\"elementor-heading-title elementor-size-default\">Die Legende<\/h1>\t\t\t\t<\/div>\n\t\t\t\t\t<\/div>\n\t\t\t\t<\/div>\n\t\t<div class=\"elementor-element elementor-element-fab16ab e-flex e-con-boxed e-con e-parent\" data-id=\"fab16ab\" data-element_type=\"container\" data-e-type=\"container\">\n\t\t\t\t\t<div class=\"e-con-inner\">\n\t\t\t\t<div class=\"elementor-element elementor-element-dfacdc7 elementor-widget elementor-widget-heading\" data-id=\"dfacdc7\" data-element_type=\"widget\" data-e-type=\"widget\" data-widget_type=\"heading.default\">\n\t\t\t\t\t<h2 class=\"elementor-heading-title elementor-size-default\">Die Legende der Innamorata\n<\/h2>\t\t\t\t<\/div>\n\t\t\t\t<div class=\"elementor-element elementor-element-216a420 elementor-widget elementor-widget-text-editor\" data-id=\"216a420\" data-element_type=\"widget\" data-e-type=\"widget\" data-widget_type=\"text-editor.default\">\n\t\t\t\t\t\t\t\t\t<p><em>&#8222;Es war das Jahr 1534, die K\u00fcste von Elba wurde von dem Piraten Barbarossa und seinen Sarazenen gepl\u00fcndert, aber das k\u00fcmmerte zwei junge Liebende wie Lorenzo und Maria wenig. An jenem Nachmittag, es war der 14. Juli, kam Lorenzo fr\u00fch am Strand an, Maria wanderte vom oberen Ende des Weges auf der Suche nach ihrem Geliebten, sah aber eine Mannschaft von M\u00e4nnern, die aus einem Rettungsboot ausstiegen&#8230; Hilflos sah sie dem wilden Kampf zu, der ausbrach. Lorenzo k\u00e4mpfte ehrenhaft, aber ersch\u00f6pft wurde er gefangen genommen. Maria rannte rechtzeitig zum Strand, um zu sehen, wie das Korsarenschiff abzog, nachdem es einen qualvollen K\u00f6rper \u00fcber Bord geworfen hatte. Maria erkannte in diesem K\u00f6rper ihren Geliebten und lie\u00df sich in einem letzten verzweifelten Liebesrausch ins Meer fallen.&#8220;<\/em><\/p>\t\t\t\t\t\t\t\t<\/div>\n\t\t<div class=\"elementor-element elementor-element-f3601a1 e-con-full e-flex e-con e-child\" data-id=\"f3601a1\" data-element_type=\"container\" data-e-type=\"container\">\n\t\t<div class=\"elementor-element elementor-element-1513a58 e-con-full e-flex e-con e-child\" data-id=\"1513a58\" data-element_type=\"container\" data-e-type=\"container\">\n\t\t\t\t<div class=\"elementor-element elementor-element-01067dc elementor-widget elementor-widget-text-editor\" data-id=\"01067dc\" data-element_type=\"widget\" data-e-type=\"widget\" data-widget_type=\"text-editor.default\">\n\t\t\t\t\t\t\t\t\t<p>Von dieser alten Fischergeschichte hat der Strand seinen Namen &#8218;INNAMORATA&#8216;. Jedes Jahr wird die Liebe Marias zu Lorenzo am Abend des 14. Juli von der Vereinigung &#8218;Granducato Innamorata&#8216; in Zusammenarbeit mit unserem Dorf nachgespielt.<\/p><p>Bei Einbruch der Dunkelheit wird der Strand von tausend Fackeln erleuchtet, die Kirchenglocken k\u00fcndigen die Fackelprozession an und die Prozession beginnt. Die vier Stadtteile Baluardo, Fortezza, Fosso und Torre ziehen durch die Stra\u00dfen der Stadt, erwartet von den Adligen, angef\u00fchrt von Graf Domingo Cardenas und seiner Frau Isabel Martor\u00e8l.<\/p><p>Die Prozession bewegt sich dann zum Strand von Innamorata, wo Maria sich von den Felsen ins Wasser st\u00fcrzt, um Lorenzo zu suchen. Dort liegt der Legende nach das Tuch, das Maria verloren hat.<\/p><p>Heute wird der Felsen Scoglio della Ciarpa genannt, daher die Herausforderung! Die vier Rioni treten in einem Ruderpalio gegeneinander an: Wer es zuerst schafft, den Ciarpa zu erobern, gewinnt und darf das M\u00e4dchen ernennen, das im folgenden Jahr die Maria dell&#8217;Innamorata sein wird.<\/p><p>Sobald die Regatta zu Ende ist und die neue &#8218;Innamorata&#8216; gew\u00e4hlt wurde, verlagert sich die Party in die Arena des Restaurants &#8218;lo Scial\u00e0&#8216;, wo Musik und Heiterkeit bis sp\u00e4t in die Nacht anhalten.<\/p>\t\t\t\t\t\t\t\t<\/div>\n\t\t\t\t<\/div>\n\t\t<div class=\"elementor-element elementor-element-426e6aa e-con-full e-flex e-con e-child\" data-id=\"426e6aa\" data-element_type=\"container\" data-e-type=\"container\">\n\t\t\t\t<div class=\"elementor-element elementor-element-99ac03b elementor-widget elementor-widget-image\" data-id=\"99ac03b\" data-element_type=\"widget\" data-e-type=\"widget\" data-widget_type=\"image.default\">\n\t\t\t\t\t\t\t\t\t\t\t\t\t\t\t<img fetchpriority=\"high\" decoding=\"async\" width=\"800\" height=\"600\" src=\"https:\/\/www.villaggioinnamorata.it\/wp-content\/uploads\/2026\/01\/leggenda2.jpg\" class=\"attachment-full size-full wp-image-1501\" alt=\"\" srcset=\"https:\/\/www.villaggioinnamorata.it\/wp-content\/uploads\/2026\/01\/leggenda2.jpg 800w, https:\/\/www.villaggioinnamorata.it\/wp-content\/uploads\/2026\/01\/leggenda2-300x225.jpg 300w, https:\/\/www.villaggioinnamorata.it\/wp-content\/uploads\/2026\/01\/leggenda2-768x576.jpg 768w\" sizes=\"(max-width: 800px) 100vw, 800px\" \/>\t\t\t\t\t\t\t\t\t\t\t\t\t\t\t<\/div>\n\t\t\t\t<div class=\"elementor-element elementor-element-8796beb elementor-widget elementor-widget-image\" data-id=\"8796beb\" data-element_type=\"widget\" data-e-type=\"widget\" data-widget_type=\"image.default\">\n\t\t\t\t\t\t\t\t\t\t\t\t\t\t\t<img decoding=\"async\" width=\"800\" height=\"600\" src=\"https:\/\/www.villaggioinnamorata.it\/wp-content\/uploads\/2026\/01\/leggenda4.jpg\" class=\"attachment-large size-large wp-image-1504\" alt=\"\" srcset=\"https:\/\/www.villaggioinnamorata.it\/wp-content\/uploads\/2026\/01\/leggenda4.jpg 800w, https:\/\/www.villaggioinnamorata.it\/wp-content\/uploads\/2026\/01\/leggenda4-300x225.jpg 300w, https:\/\/www.villaggioinnamorata.it\/wp-content\/uploads\/2026\/01\/leggenda4-768x576.jpg 768w\" sizes=\"(max-width: 800px) 100vw, 800px\" \/>\t\t\t\t\t\t\t\t\t\t\t\t\t\t\t<\/div>\n\t\t\t\t<div class=\"elementor-element elementor-element-b6b4bb9 elementor-widget elementor-widget-image\" data-id=\"b6b4bb9\" data-element_type=\"widget\" data-e-type=\"widget\" data-widget_type=\"image.default\">\n\t\t\t\t\t\t\t\t\t\t\t\t\t\t\t<img decoding=\"async\" width=\"800\" height=\"600\" src=\"https:\/\/www.villaggioinnamorata.it\/wp-content\/uploads\/2026\/01\/leggenda9.jpg\" class=\"attachment-large size-large wp-image-1514\" alt=\"\" srcset=\"https:\/\/www.villaggioinnamorata.it\/wp-content\/uploads\/2026\/01\/leggenda9.jpg 800w, https:\/\/www.villaggioinnamorata.it\/wp-content\/uploads\/2026\/01\/leggenda9-300x225.jpg 300w, https:\/\/www.villaggioinnamorata.it\/wp-content\/uploads\/2026\/01\/leggenda9-768x576.jpg 768w\" sizes=\"(max-width: 800px) 100vw, 800px\" \/>\t\t\t\t\t\t\t\t\t\t\t\t\t\t\t<\/div>\n\t\t\t\t<div class=\"elementor-element elementor-element-d0e70ce elementor-widget elementor-widget-image\" data-id=\"d0e70ce\" data-element_type=\"widget\" data-e-type=\"widget\" data-widget_type=\"image.default\">\n\t\t\t\t\t\t\t\t\t\t\t\t\t\t\t<img loading=\"lazy\" decoding=\"async\" width=\"800\" height=\"600\" src=\"https:\/\/www.villaggioinnamorata.it\/wp-content\/uploads\/2026\/01\/leggenda8.jpg\" class=\"attachment-large size-large wp-image-1512\" alt=\"\" srcset=\"https:\/\/www.villaggioinnamorata.it\/wp-content\/uploads\/2026\/01\/leggenda8.jpg 800w, https:\/\/www.villaggioinnamorata.it\/wp-content\/uploads\/2026\/01\/leggenda8-300x225.jpg 300w, https:\/\/www.villaggioinnamorata.it\/wp-content\/uploads\/2026\/01\/leggenda8-768x576.jpg 768w\" sizes=\"(max-width: 800px) 100vw, 800px\" \/>\t\t\t\t\t\t\t\t\t\t\t\t\t\t\t<\/div>\n\t\t\t\t<div class=\"elementor-element elementor-element-e05e154 elementor-widget elementor-widget-image\" data-id=\"e05e154\" data-element_type=\"widget\" data-e-type=\"widget\" data-widget_type=\"image.default\">\n\t\t\t\t\t\t\t\t\t\t\t\t\t\t\t<img loading=\"lazy\" decoding=\"async\" width=\"800\" height=\"600\" src=\"https:\/\/www.villaggioinnamorata.it\/wp-content\/uploads\/2026\/01\/leggenda14.jpg\" class=\"attachment-large size-large wp-image-1521\" alt=\"\" srcset=\"https:\/\/www.villaggioinnamorata.it\/wp-content\/uploads\/2026\/01\/leggenda14.jpg 800w, https:\/\/www.villaggioinnamorata.it\/wp-content\/uploads\/2026\/01\/leggenda14-300x225.jpg 300w, https:\/\/www.villaggioinnamorata.it\/wp-content\/uploads\/2026\/01\/leggenda14-768x576.jpg 768w\" sizes=\"(max-width: 800px) 100vw, 800px\" \/>\t\t\t\t\t\t\t\t\t\t\t\t\t\t\t<\/div>\n\t\t\t\t<\/div>\n\t\t<div class=\"elementor-element elementor-element-541e269 e-con-full e-flex e-con e-child\" data-id=\"541e269\" data-element_type=\"container\" data-e-type=\"container\">\n\t\t\t\t<div class=\"elementor-element elementor-element-9653648 elementor-widget elementor-widget-image\" data-id=\"9653648\" data-element_type=\"widget\" data-e-type=\"widget\" data-widget_type=\"image.default\">\n\t\t\t\t\t\t\t\t\t\t\t\t\t\t\t<img loading=\"lazy\" decoding=\"async\" width=\"800\" height=\"600\" src=\"https:\/\/www.villaggioinnamorata.it\/wp-content\/uploads\/2026\/01\/leggenda3.jpg\" class=\"attachment-large size-large wp-image-1502\" alt=\"\" srcset=\"https:\/\/www.villaggioinnamorata.it\/wp-content\/uploads\/2026\/01\/leggenda3.jpg 800w, https:\/\/www.villaggioinnamorata.it\/wp-content\/uploads\/2026\/01\/leggenda3-300x225.jpg 300w, https:\/\/www.villaggioinnamorata.it\/wp-content\/uploads\/2026\/01\/leggenda3-768x576.jpg 768w\" sizes=\"(max-width: 800px) 100vw, 800px\" \/>\t\t\t\t\t\t\t\t\t\t\t\t\t\t\t<\/div>\n\t\t\t\t<div class=\"elementor-element elementor-element-721f096 elementor-widget elementor-widget-image\" data-id=\"721f096\" data-element_type=\"widget\" data-e-type=\"widget\" data-widget_type=\"image.default\">\n\t\t\t\t\t\t\t\t\t\t\t\t\t\t\t<img loading=\"lazy\" decoding=\"async\" width=\"800\" height=\"600\" src=\"https:\/\/www.villaggioinnamorata.it\/wp-content\/uploads\/2026\/01\/leggenda5.jpg\" class=\"attachment-large size-large wp-image-1506\" alt=\"\" srcset=\"https:\/\/www.villaggioinnamorata.it\/wp-content\/uploads\/2026\/01\/leggenda5.jpg 800w, https:\/\/www.villaggioinnamorata.it\/wp-content\/uploads\/2026\/01\/leggenda5-300x225.jpg 300w, https:\/\/www.villaggioinnamorata.it\/wp-content\/uploads\/2026\/01\/leggenda5-768x576.jpg 768w\" sizes=\"(max-width: 800px) 100vw, 800px\" \/>\t\t\t\t\t\t\t\t\t\t\t\t\t\t\t<\/div>\n\t\t\t\t<div class=\"elementor-element elementor-element-40ab0f2 elementor-widget elementor-widget-image\" data-id=\"40ab0f2\" data-element_type=\"widget\" data-e-type=\"widget\" data-widget_type=\"image.default\">\n\t\t\t\t\t\t\t\t\t\t\t\t\t\t\t<img loading=\"lazy\" decoding=\"async\" width=\"800\" height=\"600\" src=\"https:\/\/www.villaggioinnamorata.it\/wp-content\/uploads\/2026\/01\/leggenda11.jpg\" class=\"attachment-large size-large wp-image-1519\" alt=\"\" srcset=\"https:\/\/www.villaggioinnamorata.it\/wp-content\/uploads\/2026\/01\/leggenda11.jpg 800w, https:\/\/www.villaggioinnamorata.it\/wp-content\/uploads\/2026\/01\/leggenda11-300x225.jpg 300w, https:\/\/www.villaggioinnamorata.it\/wp-content\/uploads\/2026\/01\/leggenda11-768x576.jpg 768w\" sizes=\"(max-width: 800px) 100vw, 800px\" \/>\t\t\t\t\t\t\t\t\t\t\t\t\t\t\t<\/div>\n\t\t\t\t<div class=\"elementor-element elementor-element-6a31ebc elementor-widget elementor-widget-image\" data-id=\"6a31ebc\" data-element_type=\"widget\" data-e-type=\"widget\" data-widget_type=\"image.default\">\n\t\t\t\t\t\t\t\t\t\t\t\t\t\t\t<img loading=\"lazy\" decoding=\"async\" width=\"800\" height=\"600\" src=\"https:\/\/www.villaggioinnamorata.it\/wp-content\/uploads\/2026\/01\/leggenda6.jpg\" class=\"attachment-large size-large wp-image-1508\" alt=\"\" srcset=\"https:\/\/www.villaggioinnamorata.it\/wp-content\/uploads\/2026\/01\/leggenda6.jpg 800w, https:\/\/www.villaggioinnamorata.it\/wp-content\/uploads\/2026\/01\/leggenda6-300x225.jpg 300w, https:\/\/www.villaggioinnamorata.it\/wp-content\/uploads\/2026\/01\/leggenda6-768x576.jpg 768w\" sizes=\"(max-width: 800px) 100vw, 800px\" \/>\t\t\t\t\t\t\t\t\t\t\t\t\t\t\t<\/div>\n\t\t\t\t<div class=\"elementor-element elementor-element-6a44b33 elementor-widget elementor-widget-image\" data-id=\"6a44b33\" data-element_type=\"widget\" data-e-type=\"widget\" data-widget_type=\"image.default\">\n\t\t\t\t\t\t\t\t\t\t\t\t\t\t\t<img loading=\"lazy\" decoding=\"async\" width=\"800\" height=\"600\" src=\"https:\/\/www.villaggioinnamorata.it\/wp-content\/uploads\/2026\/01\/leggenda15.jpg\" class=\"attachment-large size-large wp-image-1523\" alt=\"\" srcset=\"https:\/\/www.villaggioinnamorata.it\/wp-content\/uploads\/2026\/01\/leggenda15.jpg 800w, https:\/\/www.villaggioinnamorata.it\/wp-content\/uploads\/2026\/01\/leggenda15-300x225.jpg 300w, https:\/\/www.villaggioinnamorata.it\/wp-content\/uploads\/2026\/01\/leggenda15-768x576.jpg 768w\" sizes=\"(max-width: 800px) 100vw, 800px\" \/>\t\t\t\t\t\t\t\t\t\t\t\t\t\t\t<\/div>\n\t\t\t\t<\/div>\n\t\t\t\t<\/div>\n\t\t\t\t\t<\/div>\n\t\t\t\t<\/div>\n\t\t<div class=\"elementor-element elementor-element-38192ce e-con-full e-flex e-con e-parent\" data-id=\"38192ce\" data-element_type=\"container\" data-e-type=\"container\" data-settings=\"{&quot;background_background&quot;:&quot;video&quot;,&quot;background_video_link&quot;:&quot;http:\\\/\\\/www.villaggioinnamorata.it\\\/wp-content\\\/uploads\\\/2026\\\/01\\\/videomare.mp4&quot;,&quot;background_play_on_mobile&quot;:&quot;yes&quot;}\">\n\t\t<div class=\"elementor-background-video-container\">\n\t\t\t\t\t\t\t<video class=\"elementor-background-video-hosted\" role=\"presentation\" autoplay muted playsinline loop><\/video>\n\t\t\t\t\t<\/div><div class=\"elementor-element elementor-element-2804226 e-con-full e-flex e-con e-child\" data-id=\"2804226\" data-element_type=\"container\" data-e-type=\"container\">\n\t\t\t\t<div class=\"elementor-element elementor-element-a18b756 elementor-invisible elementor-widget elementor-widget-text-editor\" data-id=\"a18b756\" data-element_type=\"widget\" data-e-type=\"widget\" data-settings=\"{&quot;_animation&quot;:&quot;fadeInUp&quot;,&quot;_animation_delay&quot;:200}\" data-widget_type=\"text-editor.default\">\n\t\t\t\t\t\t\t\t\t<p>Wo das Meer auf einen Mythos trifft und jeder Sonnenuntergang ein Versprechen der Liebe ist.<\/p>\t\t\t\t\t\t\t\t<\/div>\n\t\t<div class=\"elementor-element elementor-element-b831006 e-con-full e-flex e-con e-child\" data-id=\"b831006\" data-element_type=\"container\" data-e-type=\"container\">\n\t\t\t\t<div class=\"elementor-element elementor-element-bc21854 elementor-widget__width-auto elementor-widget elementor-widget-button\" data-id=\"bc21854\" data-element_type=\"widget\" data-e-type=\"widget\" data-widget_type=\"button.default\">\n\t\t\t\t\t\t\t\t\t\t<a class=\"elementor-button elementor-button-link elementor-size-sm\" href=\"https:\/\/booking.ericsoft.com\/BookingEngine\/Book?idh=7037B075FFD4BB82&#038;lang=it&#038;cur=EUR&#038;arrival=2019-04-18&#038;departure=2019-04-19&#038;pax=2_0_0_0&#038;acmp=RT0\" target=\"_blank\" rel=\"nofollow noopener\">\n\t\t\t\t\t\t<span class=\"elementor-button-content-wrapper\">\n\t\t\t\t\t\t\t\t\t<span class=\"elementor-button-text\">Jetzt buchen<\/span>\n\t\t\t\t\t<\/span>\n\t\t\t\t\t<\/a>\n\t\t\t\t\t\t\t\t<\/div>\n\t\t\t\t<div class=\"elementor-element elementor-element-a8c8db5 elementor-widget__width-auto elementor-widget elementor-widget-button\" data-id=\"a8c8db5\" data-element_type=\"widget\" data-e-type=\"widget\" data-widget_type=\"button.default\">\n\t\t\t\t\t\t\t\t\t\t<a class=\"elementor-button elementor-button-link elementor-size-sm\" href=\"https:\/\/booking.ericsoft.com\/BookingEngine\/Book?idh=7037B075FFD4BB82&#038;lang=it&#038;cur=EUR&#038;arrival=2019-04-18&#038;departure=2019-04-19&#038;pax=2_0_0_0&#038;acmp=RT0\" target=\"_blank\" rel=\"nofollow noopener\">\n\t\t\t\t\t\t<span class=\"elementor-button-content-wrapper\">\n\t\t\t\t\t\t<span class=\"elementor-button-icon\">\n\t\t\t\t<svg aria-hidden=\"true\" class=\"e-font-icon-svg e-fas-phone-alt\" viewBox=\"0 0 512 512\" xmlns=\"http:\/\/www.w3.org\/2000\/svg\"><path d=\"M497.39 361.8l-112-48a24 24 0 0 0-28 6.9l-49.6 60.6A370.66 370.66 0 0 1 130.6 204.11l60.6-49.6a23.94 23.94 0 0 0 6.9-28l-48-112A24.16 24.16 0 0 0 122.6.61l-104 24A24 24 0 0 0 0 48c0 256.5 207.9 464 464 464a24 24 0 0 0 23.4-18.6l24-104a24.29 24.29 0 0 0-14.01-27.6z\"><\/path><\/svg>\t\t\t<\/span>\n\t\t\t\t\t\t\t\t\t<span class=\"elementor-button-text\">Rufen Sie uns an<\/span>\n\t\t\t\t\t<\/span>\n\t\t\t\t\t<\/a>\n\t\t\t\t\t\t\t\t<\/div>\n\t\t\t\t<\/div>\n\t\t\t\t<\/div>\n\t\t\t\t<\/div>\n\t\t\t\t<\/div>\n\t\t","protected":false},"excerpt":{"rendered":"<p>Die Legende Die Legende der Innamorata &#8222;Es war das Jahr 1534, die K\u00fcste von Elba wurde von dem Piraten Barbarossa und seinen Sarazenen gepl\u00fcndert, aber das k\u00fcmmerte zwei junge Liebende wie Lorenzo und Maria wenig. An jenem Nachmittag, es war der 14. Juli, kam Lorenzo fr\u00fch am Strand an, Maria wanderte vom oberen Ende des [&hellip;]<\/p>\n","protected":false},"author":1,"featured_media":0,"parent":0,"menu_order":0,"comment_status":"closed","ping_status":"closed","template":"","meta":{"footnotes":""},"class_list":["post-1491","page","type-page","status-publish","hentry"],"_links":{"self":[{"href":"https:\/\/www.villaggioinnamorata.it\/de\/wp-json\/wp\/v2\/pages\/1491","targetHints":{"allow":["GET"]}}],"collection":[{"href":"https:\/\/www.villaggioinnamorata.it\/de\/wp-json\/wp\/v2\/pages"}],"about":[{"href":"https:\/\/www.villaggioinnamorata.it\/de\/wp-json\/wp\/v2\/types\/page"}],"author":[{"embeddable":true,"href":"https:\/\/www.villaggioinnamorata.it\/de\/wp-json\/wp\/v2\/users\/1"}],"replies":[{"embeddable":true,"href":"https:\/\/www.villaggioinnamorata.it\/de\/wp-json\/wp\/v2\/comments?post=1491"}],"version-history":[{"count":1,"href":"https:\/\/www.villaggioinnamorata.it\/de\/wp-json\/wp\/v2\/pages\/1491\/revisions"}],"predecessor-version":[{"id":1527,"href":"https:\/\/www.villaggioinnamorata.it\/de\/wp-json\/wp\/v2\/pages\/1491\/revisions\/1527"}],"wp:attachment":[{"href":"https:\/\/www.villaggioinnamorata.it\/de\/wp-json\/wp\/v2\/media?parent=1491"}],"curies":[{"name":"wp","href":"https:\/\/api.w.org\/{rel}","templated":true}]}}