{"id":1457,"date":"2026-01-20T15:41:34","date_gmt":"2026-01-20T15:41:34","guid":{"rendered":"https:\/\/www.villaggioinnamorata.it\/der-pool\/"},"modified":"2026-02-09T10:58:26","modified_gmt":"2026-02-09T10:58:26","slug":"der-pool","status":"publish","type":"page","link":"https:\/\/www.villaggioinnamorata.it\/de\/der-pool\/","title":{"rendered":"Der Pool"},"content":{"rendered":"\t\t<div data-elementor-type=\"wp-page\" data-elementor-id=\"1457\" class=\"elementor elementor-1457 elementor-554\" data-elementor-post-type=\"page\">\n\t\t\t\t<div class=\"elementor-element elementor-element-2fb28ce3 e-flex e-con-boxed e-con e-parent\" data-id=\"2fb28ce3\" data-element_type=\"container\" data-e-type=\"container\" data-settings=\"{&quot;background_background&quot;:&quot;classic&quot;}\">\n\t\t\t\t\t<div class=\"e-con-inner\">\n\t\t\t\t<div class=\"elementor-element elementor-element-70dfb190 elementor-invisible elementor-widget elementor-widget-heading\" data-id=\"70dfb190\" data-element_type=\"widget\" data-e-type=\"widget\" data-settings=\"{&quot;_animation&quot;:&quot;slideInUp&quot;}\" data-widget_type=\"heading.default\">\n\t\t\t\t\t<h1 class=\"elementor-heading-title elementor-size-default\">Der Pool<\/h1>\t\t\t\t<\/div>\n\t\t\t\t\t<\/div>\n\t\t\t\t<\/div>\n\t\t<div class=\"elementor-element elementor-element-3fee1c84 e-flex e-con-boxed e-con e-parent\" data-id=\"3fee1c84\" data-element_type=\"container\" data-e-type=\"container\">\n\t\t\t\t\t<div class=\"e-con-inner\">\n\t\t\t\t<div class=\"elementor-element elementor-element-4b8ab022 elementor-widget elementor-widget-heading\" data-id=\"4b8ab022\" data-element_type=\"widget\" data-e-type=\"widget\" data-widget_type=\"heading.default\">\n\t\t\t\t\t<h2 class=\"elementor-heading-title elementor-size-default\">Ein privates Schwimmbad  <\/h2>\t\t\t\t<\/div>\n\t\t\t\t<div class=\"elementor-element elementor-element-5a691dcc elementor-widget elementor-widget-text-editor\" data-id=\"5a691dcc\" data-element_type=\"widget\" data-e-type=\"widget\" data-widget_type=\"text-editor.default\">\n\t\t\t\t\t\t\t\t\t<p>Das Villaggio Innamorata verf\u00fcgt \u00fcber einen herrlichen Infinity-Au\u00dfenpool, der nur f\u00fcr G\u00e4ste reserviert ist und t\u00e4glich drei Stunden am Morgen und vier Stunden am Nachmittag ge\u00f6ffnet ist.<\/p>\t\t\t\t\t\t\t\t<\/div>\n\t\t<div class=\"elementor-element elementor-element-2234ff76 e-con-full e-flex e-con e-child\" data-id=\"2234ff76\" data-element_type=\"container\" data-e-type=\"container\">\n\t\t<div class=\"elementor-element elementor-element-1e8c62c9 e-con-full e-flex e-con e-child\" data-id=\"1e8c62c9\" data-element_type=\"container\" data-e-type=\"container\">\n\t\t\t\t<div class=\"elementor-element elementor-element-7b68fe5b elementor-widget elementor-widget-text-editor\" data-id=\"7b68fe5b\" data-element_type=\"widget\" data-e-type=\"widget\" data-widget_type=\"text-editor.default\">\n\t\t\t\t\t\t\t\t\t<p>Unser Swimmingpool ist der ideale Ort, um eine entspannende Pause auf einer Sonnenliege zu genie\u00dfen, umgeben von wundersch\u00f6ner mediterraner Vegetation und einem Panoramablick auf das Meer.<\/p><p>In dem daf\u00fcr vorgesehenen Bereich finden Sie neben dem Swimmingpool, in dem Sie ein erfrischendes Bad nehmen k\u00f6nnen, weitere Einrichtungen:<\/p>\t\t\t\t\t\t\t\t<\/div>\n\t\t\t\t<div class=\"elementor-element elementor-element-ce1c38c elementor-icon-list--layout-traditional elementor-list-item-link-full_width elementor-widget elementor-widget-icon-list\" data-id=\"ce1c38c\" data-element_type=\"widget\" data-e-type=\"widget\" data-widget_type=\"icon-list.default\">\n\t\t\t\t\t\t\t<ul class=\"elementor-icon-list-items\">\n\t\t\t\t\t\t\t<li class=\"elementor-icon-list-item\">\n\t\t\t\t\t\t\t\t\t\t\t<span class=\"elementor-icon-list-icon\">\n\t\t\t\t\t\t\t<svg aria-hidden=\"true\" class=\"e-font-icon-svg e-fas-check\" viewBox=\"0 0 512 512\" xmlns=\"http:\/\/www.w3.org\/2000\/svg\"><path d=\"M173.898 439.404l-166.4-166.4c-9.997-9.997-9.997-26.206 0-36.204l36.203-36.204c9.997-9.998 26.207-9.998 36.204 0L192 312.69 432.095 72.596c9.997-9.997 26.207-9.997 36.204 0l36.203 36.204c9.997 9.997 9.997 26.206 0 36.204l-294.4 294.401c-9.998 9.997-26.207 9.997-36.204-.001z\"><\/path><\/svg>\t\t\t\t\t\t<\/span>\n\t\t\t\t\t\t\t\t\t\t<span class=\"elementor-icon-list-text\">eine Whirlpool-Badewanne f\u00fcr einen angenehmen, regenerierenden Moment<\/span>\n\t\t\t\t\t\t\t\t\t<\/li>\n\t\t\t\t\t\t\t\t<li class=\"elementor-icon-list-item\">\n\t\t\t\t\t\t\t\t\t\t\t<span class=\"elementor-icon-list-icon\">\n\t\t\t\t\t\t\t<svg aria-hidden=\"true\" class=\"e-font-icon-svg e-fas-check\" viewBox=\"0 0 512 512\" xmlns=\"http:\/\/www.w3.org\/2000\/svg\"><path d=\"M173.898 439.404l-166.4-166.4c-9.997-9.997-9.997-26.206 0-36.204l36.203-36.204c9.997-9.998 26.207-9.998 36.204 0L192 312.69 432.095 72.596c9.997-9.997 26.207-9.997 36.204 0l36.203 36.204c9.997 9.997 9.997 26.206 0 36.204l-294.4 294.401c-9.998 9.997-26.207 9.997-36.204-.001z\"><\/path><\/svg>\t\t\t\t\t\t<\/span>\n\t\t\t\t\t\t\t\t\t\t<span class=\"elementor-icon-list-text\">ein nur 50 cm tiefes Becken, das f\u00fcr kleine Kinder geeignet ist, um sie sicher planschen zu lassen<\/span>\n\t\t\t\t\t\t\t\t\t<\/li>\n\t\t\t\t\t\t\t\t<li class=\"elementor-icon-list-item\">\n\t\t\t\t\t\t\t\t\t\t\t<span class=\"elementor-icon-list-icon\">\n\t\t\t\t\t\t\t<svg aria-hidden=\"true\" class=\"e-font-icon-svg e-fas-check\" viewBox=\"0 0 512 512\" xmlns=\"http:\/\/www.w3.org\/2000\/svg\"><path d=\"M173.898 439.404l-166.4-166.4c-9.997-9.997-9.997-26.206 0-36.204l36.203-36.204c9.997-9.998 26.207-9.998 36.204 0L192 312.69 432.095 72.596c9.997-9.997 26.207-9.997 36.204 0l36.203 36.204c9.997 9.997 9.997 26.206 0 36.204l-294.4 294.401c-9.998 9.997-26.207 9.997-36.204-.001z\"><\/path><\/svg>\t\t\t\t\t\t<\/span>\n\t\t\t\t\t\t\t\t\t\t<span class=\"elementor-icon-list-text\">Liegest\u00fchle und Sonnenschirme<\/span>\n\t\t\t\t\t\t\t\t\t<\/li>\n\t\t\t\t\t\t\t\t<li class=\"elementor-icon-list-item\">\n\t\t\t\t\t\t\t\t\t\t\t<span class=\"elementor-icon-list-icon\">\n\t\t\t\t\t\t\t<svg aria-hidden=\"true\" class=\"e-font-icon-svg e-fas-check\" viewBox=\"0 0 512 512\" xmlns=\"http:\/\/www.w3.org\/2000\/svg\"><path d=\"M173.898 439.404l-166.4-166.4c-9.997-9.997-9.997-26.206 0-36.204l36.203-36.204c9.997-9.998 26.207-9.998 36.204 0L192 312.69 432.095 72.596c9.997-9.997 26.207-9.997 36.204 0l36.203 36.204c9.997 9.997 9.997 26.206 0 36.204l-294.4 294.401c-9.998 9.997-26.207 9.997-36.204-.001z\"><\/path><\/svg>\t\t\t\t\t\t<\/span>\n\t\t\t\t\t\t\t\t\t\t<span class=\"elementor-icon-list-text\">Duschen<\/span>\n\t\t\t\t\t\t\t\t\t<\/li>\n\t\t\t\t\t\t\t\t<li class=\"elementor-icon-list-item\">\n\t\t\t\t\t\t\t\t\t\t\t<span class=\"elementor-icon-list-icon\">\n\t\t\t\t\t\t\t<svg aria-hidden=\"true\" class=\"e-font-icon-svg e-fas-check\" viewBox=\"0 0 512 512\" xmlns=\"http:\/\/www.w3.org\/2000\/svg\"><path d=\"M173.898 439.404l-166.4-166.4c-9.997-9.997-9.997-26.206 0-36.204l36.203-36.204c9.997-9.998 26.207-9.998 36.204 0L192 312.69 432.095 72.596c9.997-9.997 26.207-9.997 36.204 0l36.203 36.204c9.997 9.997 9.997 26.206 0 36.204l-294.4 294.401c-9.998 9.997-26.207 9.997-36.204-.001z\"><\/path><\/svg>\t\t\t\t\t\t<\/span>\n\t\t\t\t\t\t\t\t\t\t<span class=\"elementor-icon-list-text\">B\u00e4der<\/span>\n\t\t\t\t\t\t\t\t\t<\/li>\n\t\t\t\t\t\t<\/ul>\n\t\t\t\t\t\t<\/div>\n\t\t\t\t<\/div>\n\t\t<div class=\"elementor-element elementor-element-63c77022 e-con-full e-flex e-con e-child\" data-id=\"63c77022\" data-element_type=\"container\" data-e-type=\"container\">\n\t\t\t\t<div class=\"elementor-element elementor-element-2ec56ac2 elementor-widget elementor-widget-image\" data-id=\"2ec56ac2\" data-element_type=\"widget\" data-e-type=\"widget\" data-widget_type=\"image.default\">\n\t\t\t\t\t\t\t\t\t\t\t\t\t\t\t<img fetchpriority=\"high\" decoding=\"async\" width=\"800\" height=\"360\" src=\"https:\/\/www.villaggioinnamorata.it\/wp-content\/uploads\/2026\/01\/piscina-header-1024x461.jpg\" class=\"attachment-large size-large wp-image-1460\" alt=\"\" srcset=\"https:\/\/www.villaggioinnamorata.it\/wp-content\/uploads\/2026\/01\/piscina-header-1024x461.jpg 1024w, https:\/\/www.villaggioinnamorata.it\/wp-content\/uploads\/2026\/01\/piscina-header-300x135.jpg 300w, https:\/\/www.villaggioinnamorata.it\/wp-content\/uploads\/2026\/01\/piscina-header-768x346.jpg 768w, https:\/\/www.villaggioinnamorata.it\/wp-content\/uploads\/2026\/01\/piscina-header-1536x691.jpg 1536w, https:\/\/www.villaggioinnamorata.it\/wp-content\/uploads\/2026\/01\/piscina-header-2048x922.jpg 2048w\" sizes=\"(max-width: 800px) 100vw, 800px\" \/>\t\t\t\t\t\t\t\t\t\t\t\t\t\t\t<\/div>\n\t\t\t\t<div class=\"elementor-element elementor-element-221b273 elementor-widget elementor-widget-image\" data-id=\"221b273\" data-element_type=\"widget\" data-e-type=\"widget\" data-widget_type=\"image.default\">\n\t\t\t\t\t\t\t\t\t\t\t\t\t\t\t<img decoding=\"async\" width=\"800\" height=\"531\" src=\"https:\/\/www.villaggioinnamorata.it\/wp-content\/uploads\/2026\/01\/innamorata-elba53.jpg\" class=\"attachment-large size-large wp-image-1462\" alt=\"\" srcset=\"https:\/\/www.villaggioinnamorata.it\/wp-content\/uploads\/2026\/01\/innamorata-elba53.jpg 1024w, https:\/\/www.villaggioinnamorata.it\/wp-content\/uploads\/2026\/01\/innamorata-elba53-300x199.jpg 300w, https:\/\/www.villaggioinnamorata.it\/wp-content\/uploads\/2026\/01\/innamorata-elba53-768x510.jpg 768w\" sizes=\"(max-width: 800px) 100vw, 800px\" \/>\t\t\t\t\t\t\t\t\t\t\t\t\t\t\t<\/div>\n\t\t\t\t<\/div>\n\t\t<div class=\"elementor-element elementor-element-551bfe4c e-con-full e-flex e-con e-child\" data-id=\"551bfe4c\" data-element_type=\"container\" data-e-type=\"container\">\n\t\t\t\t<div class=\"elementor-element elementor-element-2a01c94a elementor-widget elementor-widget-image\" data-id=\"2a01c94a\" data-element_type=\"widget\" data-e-type=\"widget\" data-widget_type=\"image.default\">\n\t\t\t\t\t\t\t\t\t\t\t\t\t\t\t<img decoding=\"async\" width=\"800\" height=\"532\" src=\"https:\/\/www.villaggioinnamorata.it\/wp-content\/uploads\/2026\/01\/innamorata-elba50.jpg\" class=\"attachment-large size-large wp-image-1461\" alt=\"\" srcset=\"https:\/\/www.villaggioinnamorata.it\/wp-content\/uploads\/2026\/01\/innamorata-elba50.jpg 1024w, https:\/\/www.villaggioinnamorata.it\/wp-content\/uploads\/2026\/01\/innamorata-elba50-300x200.jpg 300w, https:\/\/www.villaggioinnamorata.it\/wp-content\/uploads\/2026\/01\/innamorata-elba50-768x511.jpg 768w\" sizes=\"(max-width: 800px) 100vw, 800px\" \/>\t\t\t\t\t\t\t\t\t\t\t\t\t\t\t<\/div>\n\t\t\t\t<div class=\"elementor-element elementor-element-a1d169a elementor-widget elementor-widget-image\" data-id=\"a1d169a\" data-element_type=\"widget\" data-e-type=\"widget\" data-widget_type=\"image.default\">\n\t\t\t\t\t\t\t\t\t\t\t\t\t\t\t<img loading=\"lazy\" decoding=\"async\" width=\"800\" height=\"288\" src=\"https:\/\/www.villaggioinnamorata.it\/wp-content\/uploads\/2026\/01\/header-piscina-2-1024x368.jpg\" class=\"attachment-large size-large wp-image-1464\" alt=\"\" srcset=\"https:\/\/www.villaggioinnamorata.it\/wp-content\/uploads\/2026\/01\/header-piscina-2-1024x368.jpg 1024w, https:\/\/www.villaggioinnamorata.it\/wp-content\/uploads\/2026\/01\/header-piscina-2-300x108.jpg 300w, https:\/\/www.villaggioinnamorata.it\/wp-content\/uploads\/2026\/01\/header-piscina-2-768x276.jpg 768w, https:\/\/www.villaggioinnamorata.it\/wp-content\/uploads\/2026\/01\/header-piscina-2-1536x552.jpg 1536w, https:\/\/www.villaggioinnamorata.it\/wp-content\/uploads\/2026\/01\/header-piscina-2.jpg 1920w\" sizes=\"(max-width: 800px) 100vw, 800px\" \/>\t\t\t\t\t\t\t\t\t\t\t\t\t\t\t<\/div>\n\t\t\t\t<\/div>\n\t\t\t\t<\/div>\n\t\t\t\t\t<\/div>\n\t\t\t\t<\/div>\n\t\t<div class=\"elementor-element elementor-element-364597ee e-con-full e-flex e-con e-parent\" data-id=\"364597ee\" data-element_type=\"container\" data-e-type=\"container\" data-settings=\"{&quot;background_background&quot;:&quot;video&quot;,&quot;background_video_link&quot;:&quot;http:\\\/\\\/www.villaggioinnamorata.it\\\/wp-content\\\/uploads\\\/2026\\\/01\\\/videomare.mp4&quot;,&quot;background_play_on_mobile&quot;:&quot;yes&quot;}\">\n\t\t<div class=\"elementor-background-video-container\">\n\t\t\t\t\t\t\t<video class=\"elementor-background-video-hosted\" role=\"presentation\" autoplay muted playsinline loop><\/video>\n\t\t\t\t\t<\/div><div class=\"elementor-element elementor-element-662d5743 e-con-full e-flex e-con e-child\" data-id=\"662d5743\" data-element_type=\"container\" data-e-type=\"container\">\n\t\t\t\t<div class=\"elementor-element elementor-element-7f205472 elementor-invisible elementor-widget elementor-widget-text-editor\" data-id=\"7f205472\" data-element_type=\"widget\" data-e-type=\"widget\" data-settings=\"{&quot;_animation&quot;:&quot;fadeInUp&quot;,&quot;_animation_delay&quot;:200}\" data-widget_type=\"text-editor.default\">\n\t\t\t\t\t\t\t\t\t<p>Wo das Meer auf einen Mythos trifft und jeder Sonnenuntergang ein Versprechen der Liebe ist.<\/p>\t\t\t\t\t\t\t\t<\/div>\n\t\t<div class=\"elementor-element elementor-element-2538616 e-con-full e-flex e-con e-child\" data-id=\"2538616\" data-element_type=\"container\" data-e-type=\"container\">\n\t\t\t\t<div class=\"elementor-element elementor-element-40d3cb14 elementor-widget__width-auto elementor-widget elementor-widget-button\" data-id=\"40d3cb14\" data-element_type=\"widget\" data-e-type=\"widget\" data-widget_type=\"button.default\">\n\t\t\t\t\t\t\t\t\t\t<a class=\"elementor-button elementor-button-link elementor-size-sm\" href=\"https:\/\/www.villaggioinnamorata.it\/it\/booking.php\" target=\"_blank\" rel=\"nofollow\">\n\t\t\t\t\t\t<span class=\"elementor-button-content-wrapper\">\n\t\t\t\t\t\t\t\t\t<span class=\"elementor-button-text\">Jetzt buchen<\/span>\n\t\t\t\t\t<\/span>\n\t\t\t\t\t<\/a>\n\t\t\t\t\t\t\t\t<\/div>\n\t\t\t\t<div class=\"elementor-element elementor-element-e603068 elementor-widget__width-auto elementor-widget elementor-widget-button\" data-id=\"e603068\" data-element_type=\"widget\" data-e-type=\"widget\" data-widget_type=\"button.default\">\n\t\t\t\t\t\t\t\t\t\t<a class=\"elementor-button elementor-button-link elementor-size-sm\" href=\"tel:+390565939104\">\n\t\t\t\t\t\t<span class=\"elementor-button-content-wrapper\">\n\t\t\t\t\t\t<span class=\"elementor-button-icon\">\n\t\t\t\t<svg aria-hidden=\"true\" class=\"e-font-icon-svg e-fas-phone-alt\" viewBox=\"0 0 512 512\" xmlns=\"http:\/\/www.w3.org\/2000\/svg\"><path d=\"M497.39 361.8l-112-48a24 24 0 0 0-28 6.9l-49.6 60.6A370.66 370.66 0 0 1 130.6 204.11l60.6-49.6a23.94 23.94 0 0 0 6.9-28l-48-112A24.16 24.16 0 0 0 122.6.61l-104 24A24 24 0 0 0 0 48c0 256.5 207.9 464 464 464a24 24 0 0 0 23.4-18.6l24-104a24.29 24.29 0 0 0-14.01-27.6z\"><\/path><\/svg>\t\t\t<\/span>\n\t\t\t\t\t\t\t\t\t<span class=\"elementor-button-text\">+39 0565 939104<\/span>\n\t\t\t\t\t<\/span>\n\t\t\t\t\t<\/a>\n\t\t\t\t\t\t\t\t<\/div>\n\t\t\t\t<\/div>\n\t\t\t\t<\/div>\n\t\t\t\t<\/div>\n\t\t\t\t<\/div>\n\t\t","protected":false},"excerpt":{"rendered":"<p>Der Pool Ein privates Schwimmbad Das Villaggio Innamorata verf\u00fcgt \u00fcber einen herrlichen Infinity-Au\u00dfenpool, der nur f\u00fcr G\u00e4ste reserviert ist und t\u00e4glich drei Stunden am Morgen und vier Stunden am Nachmittag ge\u00f6ffnet ist. Unser Swimmingpool ist der ideale Ort, um eine entspannende Pause auf einer Sonnenliege zu genie\u00dfen, umgeben von wundersch\u00f6ner mediterraner Vegetation und einem Panoramablick [&hellip;]<\/p>\n","protected":false},"author":1,"featured_media":0,"parent":0,"menu_order":0,"comment_status":"closed","ping_status":"closed","template":"","meta":{"footnotes":""},"class_list":["post-1457","page","type-page","status-publish","hentry"],"_links":{"self":[{"href":"https:\/\/www.villaggioinnamorata.it\/de\/wp-json\/wp\/v2\/pages\/1457","targetHints":{"allow":["GET"]}}],"collection":[{"href":"https:\/\/www.villaggioinnamorata.it\/de\/wp-json\/wp\/v2\/pages"}],"about":[{"href":"https:\/\/www.villaggioinnamorata.it\/de\/wp-json\/wp\/v2\/types\/page"}],"author":[{"embeddable":true,"href":"https:\/\/www.villaggioinnamorata.it\/de\/wp-json\/wp\/v2\/users\/1"}],"replies":[{"embeddable":true,"href":"https:\/\/www.villaggioinnamorata.it\/de\/wp-json\/wp\/v2\/comments?post=1457"}],"version-history":[{"count":2,"href":"https:\/\/www.villaggioinnamorata.it\/de\/wp-json\/wp\/v2\/pages\/1457\/revisions"}],"predecessor-version":[{"id":1996,"href":"https:\/\/www.villaggioinnamorata.it\/de\/wp-json\/wp\/v2\/pages\/1457\/revisions\/1996"}],"wp:attachment":[{"href":"https:\/\/www.villaggioinnamorata.it\/de\/wp-json\/wp\/v2\/media?parent=1457"}],"curies":[{"name":"wp","href":"https:\/\/api.w.org\/{rel}","templated":true}]}}