{"id":1449,"date":"2026-01-22T23:21:05","date_gmt":"2026-01-22T23:21:05","guid":{"rendered":"https:\/\/www.villaggioinnamorata.it\/wie-man-dorthin-kommt\/"},"modified":"2026-01-30T14:22:56","modified_gmt":"2026-01-30T14:22:56","slug":"wie-man-dorthin-kommt","status":"publish","type":"page","link":"https:\/\/www.villaggioinnamorata.it\/de\/wie-man-dorthin-kommt\/","title":{"rendered":"Wie man dorthin kommt"},"content":{"rendered":"\t\t<div data-elementor-type=\"wp-page\" data-elementor-id=\"1449\" class=\"elementor elementor-1449 elementor-636\" data-elementor-post-type=\"page\">\n\t\t\t\t<div class=\"elementor-element elementor-element-2660aeb e-flex e-con-boxed e-con e-parent\" data-id=\"2660aeb\" data-element_type=\"container\" data-e-type=\"container\" data-settings=\"{&quot;background_background&quot;:&quot;classic&quot;}\">\n\t\t\t\t\t<div class=\"e-con-inner\">\n\t\t\t\t<div class=\"elementor-element elementor-element-09da4dc elementor-invisible elementor-widget elementor-widget-heading\" data-id=\"09da4dc\" data-element_type=\"widget\" data-e-type=\"widget\" data-settings=\"{&quot;_animation&quot;:&quot;slideInUp&quot;}\" data-widget_type=\"heading.default\">\n\t\t\t\t\t<h1 class=\"elementor-heading-title elementor-size-default\">Wie man dorthin kommt<\/h1>\t\t\t\t<\/div>\n\t\t\t\t\t<\/div>\n\t\t\t\t<\/div>\n\t\t<div class=\"elementor-element elementor-element-c737de3 e-flex e-con-boxed e-con e-parent\" data-id=\"c737de3\" data-element_type=\"container\" data-e-type=\"container\">\n\t\t\t\t\t<div class=\"e-con-inner\">\n\t\t\t\t<div class=\"elementor-element elementor-element-63b74ae elementor-widget elementor-widget-heading\" data-id=\"63b74ae\" data-element_type=\"widget\" data-e-type=\"widget\" data-widget_type=\"heading.default\">\n\t\t\t\t\t<h2 class=\"elementor-heading-title elementor-size-default\">So erreichen Sie die Insel Elba<\/h2>\t\t\t\t<\/div>\n\t\t\t\t<div class=\"elementor-element elementor-element-e9d86c9 elementor-widget elementor-widget-text-editor\" data-id=\"e9d86c9\" data-element_type=\"widget\" data-e-type=\"widget\" data-widget_type=\"text-editor.default\">\n\t\t\t\t\t\t\t\t\t<p>Elba ist die drittgr\u00f6\u00dfte italienische Insel und die gr\u00f6\u00dfte ihrer Schwestern im Toskanischen Archipel. Auf einer Fl\u00e4che von 223 km\u00b2 und einer 147 km langen K\u00fcste finden Sie nicht nur ein herrliches Meer, sondern auch eine Menge zu tun. <b>Aber wie k\u00f6nnen Sie dorthin gelangen<\/b>? <\/p>\t\t\t\t\t\t\t\t<\/div>\n\t\t<div class=\"elementor-element elementor-element-79b019e e-con-full e-flex e-con e-child\" data-id=\"79b019e\" data-element_type=\"container\" data-e-type=\"container\">\n\t\t<div class=\"elementor-element elementor-element-0addbb3 e-con-full e-flex e-con e-child\" data-id=\"0addbb3\" data-element_type=\"container\" data-e-type=\"container\">\n\t\t\t\t<div class=\"elementor-element elementor-element-dc20c95 elementor-widget elementor-widget-heading\" data-id=\"dc20c95\" data-element_type=\"widget\" data-e-type=\"widget\" data-widget_type=\"heading.default\">\n\t\t\t\t\t<h3 class=\"elementor-heading-title elementor-size-default\">Mit dem Auto<\/h3>\t\t\t\t<\/div>\n\t\t\t\t<div class=\"elementor-element elementor-element-a8a30ce elementor-widget elementor-widget-text-editor\" data-id=\"a8a30ce\" data-element_type=\"widget\" data-e-type=\"widget\" data-widget_type=\"text-editor.default\">\n\t\t\t\t\t\t\t\t\t<p><b>AUS DEM NORDEN:<\/b> Autobahn A12 Genua-Livorno, halten Sie sich links *Grosseto-Roma*. Am Ende der Autobahn fahren Sie weiter auf der SS 1 Via Aurelia (SS 1) bis zur Ausfahrt <b>Venturina-Piombino-Sardegna-Elba<\/b>. <\/p><p><b><br>AUS DEM<\/b> <b>S\u00dcDEN:<\/b> Von Civitavecchia aus folgen Sie der Stra\u00dfe SS 1 Via Aurelia bis zur Ausfahrt <b>Vignale-Riotorto<\/b>.<\/p>\t\t\t\t\t\t\t\t<\/div>\n\t\t\t\t<div class=\"elementor-element elementor-element-55ba0ba elementor-widget__width-auto elementor-widget elementor-widget-button\" data-id=\"55ba0ba\" data-element_type=\"widget\" data-e-type=\"widget\" data-widget_type=\"button.default\">\n\t\t\t\t\t\t\t\t\t\t<a class=\"elementor-button elementor-button-link elementor-size-sm\" href=\"https:\/\/www.waze.com\/\" target=\"_blank\" rel=\"nofollow noopener\">\n\t\t\t\t\t\t<span class=\"elementor-button-content-wrapper\">\n\t\t\t\t\t\t<span class=\"elementor-button-icon\">\n\t\t\t\t<svg aria-hidden=\"true\" class=\"e-font-icon-svg e-fas-arrow-right\" viewBox=\"0 0 448 512\" xmlns=\"http:\/\/www.w3.org\/2000\/svg\"><path d=\"M190.5 66.9l22.2-22.2c9.4-9.4 24.6-9.4 33.9 0L441 239c9.4 9.4 9.4 24.6 0 33.9L246.6 467.3c-9.4 9.4-24.6 9.4-33.9 0l-22.2-22.2c-9.5-9.5-9.3-25 .4-34.3L311.4 296H24c-13.3 0-24-10.7-24-24v-32c0-13.3 10.7-24 24-24h287.4L190.9 101.2c-9.8-9.3-10-24.8-.4-34.3z\"><\/path><\/svg>\t\t\t<\/span>\n\t\t\t\t\t\t\t\t\t<span class=\"elementor-button-text\">Folgen Sie der besten Route<\/span>\n\t\t\t\t\t<\/span>\n\t\t\t\t\t<\/a>\n\t\t\t\t\t\t\t\t<\/div>\n\t\t\t\t<div class=\"elementor-element elementor-element-9be33fe elementor-widget elementor-widget-heading\" data-id=\"9be33fe\" data-element_type=\"widget\" data-e-type=\"widget\" data-widget_type=\"heading.default\">\n\t\t\t\t\t<h3 class=\"elementor-heading-title elementor-size-default\">Mit dem Zug\n<\/h3>\t\t\t\t<\/div>\n\t\t\t\t<div class=\"elementor-element elementor-element-2e9ea71 elementor-widget elementor-widget-text-editor\" data-id=\"2e9ea71\" data-element_type=\"widget\" data-e-type=\"widget\" data-widget_type=\"text-editor.default\">\n\t\t\t\t\t\t\t\t\t<p>Der Zielbahnhof ist Piombino Marittima.<\/p>\t\t\t\t\t\t\t\t<\/div>\n\t\t\t\t<div class=\"elementor-element elementor-element-a6b5c7b elementor-widget__width-auto elementor-widget elementor-widget-button\" data-id=\"a6b5c7b\" data-element_type=\"widget\" data-e-type=\"widget\" data-widget_type=\"button.default\">\n\t\t\t\t\t\t\t\t\t\t<a class=\"elementor-button elementor-button-link elementor-size-sm\" href=\"http:\/\/www.trenitalia.com\/\" target=\"_blank\" rel=\"nofollow noopener\">\n\t\t\t\t\t\t<span class=\"elementor-button-content-wrapper\">\n\t\t\t\t\t\t<span class=\"elementor-button-icon\">\n\t\t\t\t<svg aria-hidden=\"true\" class=\"e-font-icon-svg e-fas-arrow-right\" viewBox=\"0 0 448 512\" xmlns=\"http:\/\/www.w3.org\/2000\/svg\"><path d=\"M190.5 66.9l22.2-22.2c9.4-9.4 24.6-9.4 33.9 0L441 239c9.4 9.4 9.4 24.6 0 33.9L246.6 467.3c-9.4 9.4-24.6 9.4-33.9 0l-22.2-22.2c-9.5-9.5-9.3-25 .4-34.3L311.4 296H24c-13.3 0-24-10.7-24-24v-32c0-13.3 10.7-24 24-24h287.4L190.9 101.2c-9.8-9.3-10-24.8-.4-34.3z\"><\/path><\/svg>\t\t\t<\/span>\n\t\t\t\t\t\t\t\t\t<span class=\"elementor-button-text\">Buchen Sie den Zug<\/span>\n\t\t\t\t\t<\/span>\n\t\t\t\t\t<\/a>\n\t\t\t\t\t\t\t\t<\/div>\n\t\t\t\t<\/div>\n\t\t<div class=\"elementor-element elementor-element-507c7ab e-con-full e-flex e-con e-child\" data-id=\"507c7ab\" data-element_type=\"container\" data-e-type=\"container\">\n\t\t\t\t<div class=\"elementor-element elementor-element-ce71c9c elementor-widget elementor-widget-heading\" data-id=\"ce71c9c\" data-element_type=\"widget\" data-e-type=\"widget\" data-widget_type=\"heading.default\">\n\t\t\t\t\t<h3 class=\"elementor-heading-title elementor-size-default\">Mit dem Flugzeug\n\n<\/h3>\t\t\t\t<\/div>\n\t\t\t\t<div class=\"elementor-element elementor-element-fc79419 elementor-widget elementor-widget-text-editor\" data-id=\"fc79419\" data-element_type=\"widget\" data-e-type=\"widget\" data-widget_type=\"text-editor.default\">\n\t\t\t\t\t\t\t\t\t<p><b>Vom Flughafen Pisa aus<\/b> erreichen Sie den Hafen von Piombino in etwa 1 Stunde mit dem Busservice von Gran Turismo oder mit einem Mietwagen oder erreichen den Bahnhof mit der <b>roten LAM-Linie <\/b>in etwa 15 Minuten.<br>Es ist m\u00f6glich, das Flugzeug zur\u00fcck zum Flughafen Elba zu nehmen.<\/p><p><b>Vom Flughafen Rom Fiumicino<\/b> erreichen Sie den Hafen von Piombino in etwa 2 Stunden und 30 Minuten mit dem Mietwagen.<br><strong><br>Direktfl\u00fcge zum Flughafen Elba von italienischen und europ\u00e4ischen St\u00e4dten sind ebenfalls verf\u00fcgbar<\/strong> <a href=\"https:\/\/www.elbaisland-airport.it\/\" target=\"_blank\" rel=\"nofollow noopener\">https:\/\/www.elbaisland-airport.it\/<\/a><\/p><p>Das Innamorata Village erreichen Sie in etwa 40 Minuten <a href=\"http:\/\/www.elbabycar.com\/\" target=\"_blank\" rel=\"noopener\">mit einem Mietwagen<\/a> oder einem <a href=\"https:\/\/www.elbaservizi.it\/index.php\" target=\"_blank\" rel=\"noopener\">Taxi.<\/a><\/p>\t\t\t\t\t\t\t\t<\/div>\n\t\t\t\t<\/div>\n\t\t<div class=\"elementor-element elementor-element-09c49f9 e-con-full e-flex e-con e-child\" data-id=\"09c49f9\" data-element_type=\"container\" data-e-type=\"container\">\n\t\t\t\t<div class=\"elementor-element elementor-element-40e9e53 elementor-widget elementor-widget-heading\" data-id=\"40e9e53\" data-element_type=\"widget\" data-e-type=\"widget\" data-widget_type=\"heading.default\">\n\t\t\t\t\t<h3 class=\"elementor-heading-title elementor-size-default\">Mit der F\u00e4hre\n<\/h3>\t\t\t\t<\/div>\n\t\t\t\t<div class=\"elementor-element elementor-element-98adad2 elementor-widget elementor-widget-text-editor\" data-id=\"98adad2\" data-element_type=\"widget\" data-e-type=\"widget\" data-widget_type=\"text-editor.default\">\n\t\t\t\t\t\t\t\t\t<p>Von Piombino aus bieten die Reedereien etwa jede Stunde einen Transport an. Die \u00dcberfahrt dauert ungef\u00e4hr 75 Minuten.<br>Hier auf unserer Seite k\u00f6nnen Sie schnell eine Buchung f\u00fcr <b>Moby<\/b> F\u00e4hren und <span class=\"SpellE\"><b>Toremar<\/b><\/span>mit Zahlung per Kreditkarte. <\/p><p> <a href=\"https:\/\/www.traghettilines.it\/it\/traghetti-isola-d-elba.aspx?AID=94953&amp;mailreferer=true\" target=\"_blank\" rel=\"noopener shadowbox;height=635;width=608\">JETZT BUCHEN <\/a>!<\/p><p>Sie k\u00f6nnen <a href=\"https:\/\/blunavytraghetti.com\/\" target=\"_blank\" rel=\"noopener\">Blunavy<\/a> auch hier buchen, nachdem Sie einen pers\u00f6nlichen Rabattcode angefordert haben, oder wir k\u00f6nnen die Buchung f\u00fcr Sie \u00fcbernehmen (in Zusammenarbeit mit der Agentur Ilva).<\/p><p>Infos unter 0565.939104 oder <a href=\"mailto:info@villaggioinnamorata.it\">INFO@villaggioinnamorata.it<\/a><\/p>\t\t\t\t\t\t\t\t<\/div>\n\t\t\t\t<\/div>\n\t\t\t\t<\/div>\n\t\t\t\t\t<\/div>\n\t\t\t\t<\/div>\n\t\t<div class=\"elementor-element elementor-element-8ef2e6f e-flex e-con-boxed e-con e-parent\" data-id=\"8ef2e6f\" data-element_type=\"container\" data-e-type=\"container\" data-settings=\"{&quot;background_background&quot;:&quot;classic&quot;}\">\n\t\t\t\t\t<div class=\"e-con-inner\">\n\t\t\t\t<div class=\"elementor-element elementor-element-47cf0ac elementor-widget elementor-widget-heading\" data-id=\"47cf0ac\" data-element_type=\"widget\" data-e-type=\"widget\" data-widget_type=\"heading.default\">\n\t\t\t\t\t<h2 class=\"elementor-heading-title elementor-size-default\">Wie Sie das Village erreichen<\/h2>\t\t\t\t<\/div>\n\t\t\t\t<div class=\"elementor-element elementor-element-c36ae61 elementor-widget elementor-widget-text-editor\" data-id=\"c36ae61\" data-element_type=\"widget\" data-e-type=\"widget\" data-widget_type=\"text-editor.default\">\n\t\t\t\t\t\t\t\t\t<p>Von Portoferraio<\/p>\t\t\t\t\t\t\t\t<\/div>\n\t\t<div class=\"elementor-element elementor-element-e8eb4ad e-con-full e-flex e-con e-child\" data-id=\"e8eb4ad\" data-element_type=\"container\" data-e-type=\"container\">\n\t\t<div class=\"elementor-element elementor-element-a38f171 e-con-full e-flex e-con e-child\" data-id=\"a38f171\" data-element_type=\"container\" data-e-type=\"container\">\n\t\t\t\t<div class=\"elementor-element elementor-element-081501a elementor-widget elementor-widget-text-editor\" data-id=\"081501a\" data-element_type=\"widget\" data-e-type=\"widget\" data-widget_type=\"text-editor.default\">\n\t\t\t\t\t\t\t\t\t<div id=\"single_tour_desc\" class=\"col-lg-8\"><p>Folgen Sie der Beschilderung nach Porto Azzurro &#8211; Capoliveri. Fahren Sie etwa 10 km auf der Provinzstra\u00dfe, bis Sie die Ampel in Mola erreichen. Biegen Sie rechts ab, Richtung Capoliveri. In Capoliveri fahren Sie die Umgehungsstra\u00dfe entlang und folgen der Beschilderung zu den Str\u00e4nden von Morcone &#8211; Pareti &#8211; Innamorata f\u00fcr ca. 4 km. Wenn Sie in Innamorata ankommen, etwa 100 m vor dem Strand, sehen Sie auf der linken Seite den Parkplatz unseres Feriendorfs und auf der rechten Seite den Eingang und die Wegbeschreibung zur Rezeption (etwa 100 m vom Parkplatz entfernt).     <\/p><\/div><aside class=\"col-lg-4\"><div class=\"box_style_1 expose\"> <\/div><\/aside>\t\t\t\t\t\t\t\t<\/div>\n\t\t\t\t<\/div>\n\t\t\t\t<\/div>\n\t\t\t\t\t<\/div>\n\t\t\t\t<\/div>\n\t\t<div class=\"elementor-element elementor-element-cd9bdfe e-con-full e-flex e-con e-parent\" data-id=\"cd9bdfe\" data-element_type=\"container\" data-e-type=\"container\">\n\t\t\t\t<div class=\"elementor-element elementor-element-eb9e773 elementor-widget elementor-widget-google_maps\" data-id=\"eb9e773\" data-element_type=\"widget\" data-e-type=\"widget\" data-widget_type=\"google_maps.default\">\n\t\t\t\t\t\t\t<div class=\"elementor-custom-embed\">\n\t\t\t<iframe loading=\"lazy\"\n\t\t\t\t\tsrc=\"https:\/\/maps.google.com\/maps?q=villaggio%20innamorata%20isola%20elba&#038;t=m&#038;z=17&#038;output=embed&#038;iwloc=near\"\n\t\t\t\t\ttitle=\"villaggio innamorata isola elba\"\n\t\t\t\t\taria-label=\"villaggio innamorata isola elba\"\n\t\t\t><\/iframe>\n\t\t<\/div>\n\t\t\t\t\t\t<\/div>\n\t\t\t\t<\/div>\n\t\t\t\t<\/div>\n\t\t","protected":false},"excerpt":{"rendered":"<p>Wie man dorthin kommt So erreichen Sie die Insel Elba Elba ist die drittgr\u00f6\u00dfte italienische Insel und die gr\u00f6\u00dfte ihrer Schwestern im Toskanischen Archipel. Auf einer Fl\u00e4che von 223 km\u00b2 und einer 147 km langen K\u00fcste finden Sie nicht nur ein herrliches Meer, sondern auch eine Menge zu tun. Aber wie k\u00f6nnen Sie dorthin gelangen? [&hellip;]<\/p>\n","protected":false},"author":1,"featured_media":0,"parent":0,"menu_order":0,"comment_status":"closed","ping_status":"closed","template":"","meta":{"footnotes":""},"class_list":["post-1449","page","type-page","status-publish","hentry"],"_links":{"self":[{"href":"https:\/\/www.villaggioinnamorata.it\/de\/wp-json\/wp\/v2\/pages\/1449","targetHints":{"allow":["GET"]}}],"collection":[{"href":"https:\/\/www.villaggioinnamorata.it\/de\/wp-json\/wp\/v2\/pages"}],"about":[{"href":"https:\/\/www.villaggioinnamorata.it\/de\/wp-json\/wp\/v2\/types\/page"}],"author":[{"embeddable":true,"href":"https:\/\/www.villaggioinnamorata.it\/de\/wp-json\/wp\/v2\/users\/1"}],"replies":[{"embeddable":true,"href":"https:\/\/www.villaggioinnamorata.it\/de\/wp-json\/wp\/v2\/comments?post=1449"}],"version-history":[{"count":1,"href":"https:\/\/www.villaggioinnamorata.it\/de\/wp-json\/wp\/v2\/pages\/1449\/revisions"}],"predecessor-version":[{"id":1452,"href":"https:\/\/www.villaggioinnamorata.it\/de\/wp-json\/wp\/v2\/pages\/1449\/revisions\/1452"}],"wp:attachment":[{"href":"https:\/\/www.villaggioinnamorata.it\/de\/wp-json\/wp\/v2\/media?parent=1449"}],"curies":[{"name":"wp","href":"https:\/\/api.w.org\/{rel}","templated":true}]}}